{"id":796,"date":"2023-09-06T10:14:54","date_gmt":"2023-09-06T10:14:54","guid":{"rendered":"https:\/\/antoninasofia.com\/?post_type=product&#038;p=796"},"modified":"2026-02-03T10:57:05","modified_gmt":"2026-02-03T10:57:05","slug":"reborn-in-the-abiss","status":"publish","type":"product","link":"https:\/\/antoninasofia.com\/ro\/produs\/reborn-in-the-abiss\/","title":{"rendered":"Ren\u0103scut \u00een abis"},"content":{"rendered":"<p>\u201cRen\u0103scut \u00een abis\u201d, pictat de Antonina Sofia Sociu. Aceast\u0103 pictur\u0103 este o oper\u0103 de art\u0103 unic\u0103, original\u0103 \u0219i face parte din seria abstract\u0103 a artistei, denumit\u0103 \"Devenire\".<\/p>\n<p><a href=\"https:\/\/antoninasofia.com\/ro\/2023\/09\/06\/expressions-reflections-and-attitudes-in-the-creation-of-artist-antonina-sofia-sociu\/\" target=\"_blank\" rel=\"noopener\">\u201ePlasticiana  care mediteaz\u0103 profund asupra propriilor idei \u015fi concepte, argument\u00e2ndu-\u0219i elocvent viziunea despre subiectele alese,  \u00eembin\u0103 \u00een mod armonios ra\u021bionalul cu esen\u021ba unor evenimente marcante din via\u021ba sa. \u015ei pornind de aici, m\u0103rturise\u0219te prin crea\u021biile sale emo\u021biile acelor intense tr\u0103iri variind \u00eentre bucuria reg\u0103sirii frumosului din jurul nostru \u0219i dramatismul unor clipe dureroase ce i-au marcat existen\u021ba.\u201d<\/a><\/p>\n<p>Este important de men\u021bionat c\u0103 arta abstract\u0103 poate fi interpretat\u0103 \u00een mod diferit de c\u0103tre fiecare privitor \u0219i ceea ce reprezint\u0103 poate varia \u00een func\u021bie de perspectiva \u0219i experien\u021ba fiec\u0103ruia.<\/p>","protected":false},"excerpt":{"rendered":"<p>\"Ren\u0103scut \u00een abis\" poate fi interpretat ca o expresie a capacit\u0103\u021bii umane de a se ridica \u0219i a se reg\u0103si \u00een mijlocul adversit\u0103\u021bilor \u0219i schimb\u0103rilor profunde, fiind totodat\u0103 o invita\u021bie la explorare, contemplare \u0219i redescoperire a propriului poten\u021bial de transformare \u0219i rena\u015ftere.<\/p>","protected":false},"featured_media":743,"comment_status":"open","ping_status":"closed","template":"","meta":[],"product_cat":[50,58],"product_tag":[32,62,51,63,64,59,61,60],"class_list":["post-796","product","type-product","status-publish","has-post-thumbnail","hentry","product_cat-abstract","product_cat-becoming","product_tag-abstract","product_tag-acrylic","product_tag-art","product_tag-art-therapy","product_tag-artist","product_tag-contemporary-art","product_tag-interior-design","product_tag-modern-art"],"yoast_head":"<!-- This site is optimized with the Yoast SEO plugin v21.2 - https:\/\/yoast.com\/wordpress\/plugins\/seo\/ -->\n<title>Reborn in the Abiss - ANTONINA SOFIA SOCIU<\/title>\n<meta name=\"robots\" content=\"index, follow, max-snippet:-1, max-image-preview:large, max-video-preview:-1\" \/>\n<link rel=\"canonical\" href=\"https:\/\/antoninasofia.com\/ro\/produs\/reborn-in-the-abiss\/\" \/>\n<meta property=\"og:locale\" content=\"ro_RO\" \/>\n<meta property=\"og:type\" content=\"article\" \/>\n<meta property=\"og:title\" content=\"Reborn in the Abiss - ANTONINA SOFIA SOCIU\" \/>\n<meta property=\"og:description\" content=\"&quot;Reborn in the Abyss&quot; can be interpreted as an expression of the human capacity to rise and rediscover oneself amidst adversities and profound changes, while also serving as an invitation to explore, contemplate, and rediscover one&#039;s own potential for transformation and rebirth.\" \/>\n<meta property=\"og:url\" content=\"https:\/\/antoninasofia.com\/ro\/produs\/reborn-in-the-abiss\/\" \/>\n<meta property=\"og:site_name\" content=\"ANTONINA SOFIA SOCIU\" \/>\n<meta property=\"article:modified_time\" content=\"2026-02-03T10:57:05+00:00\" \/>\n<meta property=\"og:image\" content=\"https:\/\/antoninasofia.com\/wp-content\/uploads\/2023\/09\/reborn-in-the-abbis-11.jpg\" \/>\n\t<meta property=\"og:image:width\" content=\"1770\" \/>\n\t<meta property=\"og:image:height\" content=\"2000\" \/>\n\t<meta property=\"og:image:type\" content=\"image\/jpeg\" \/>\n<meta name=\"twitter:card\" content=\"summary_large_image\" \/>\n<meta name=\"twitter:label1\" content=\"Timp estimat pentru citire\" \/>\n\t<meta name=\"twitter:data1\" content=\"1 minut\" \/>\n<script type=\"application\/ld+json\" class=\"yoast-schema-graph\">{\"@context\":\"https:\/\/schema.org\",\"@graph\":[{\"@type\":\"WebPage\",\"@id\":\"https:\/\/antoninasofia.com\/product\/reborn-in-the-abiss\/\",\"url\":\"https:\/\/antoninasofia.com\/product\/reborn-in-the-abiss\/\",\"name\":\"Reborn in the Abiss - ANTONINA SOFIA SOCIU\",\"isPartOf\":{\"@id\":\"https:\/\/antoninasofia.com\/#website\"},\"datePublished\":\"2023-09-06T10:14:54+00:00\",\"dateModified\":\"2026-02-03T10:57:05+00:00\",\"breadcrumb\":{\"@id\":\"https:\/\/antoninasofia.com\/product\/reborn-in-the-abiss\/#breadcrumb\"},\"inLanguage\":\"ro-RO\",\"potentialAction\":[{\"@type\":\"ReadAction\",\"target\":[\"https:\/\/antoninasofia.com\/product\/reborn-in-the-abiss\/\"]}]},{\"@type\":\"BreadcrumbList\",\"@id\":\"https:\/\/antoninasofia.com\/product\/reborn-in-the-abiss\/#breadcrumb\",\"itemListElement\":[{\"@type\":\"ListItem\",\"position\":1,\"name\":\"Home\",\"item\":\"https:\/\/antoninasofia.com\/\"},{\"@type\":\"ListItem\",\"position\":2,\"name\":\"Shop\",\"item\":\"https:\/\/antoninasofia.com\/shop\/\"},{\"@type\":\"ListItem\",\"position\":3,\"name\":\"Reborn in the Abiss\"}]},{\"@type\":\"WebSite\",\"@id\":\"https:\/\/antoninasofia.com\/#website\",\"url\":\"https:\/\/antoninasofia.com\/\",\"name\":\"ANTONINA SOFIA SOCIU\",\"description\":\"Abstract Artist\",\"potentialAction\":[{\"@type\":\"SearchAction\",\"target\":{\"@type\":\"EntryPoint\",\"urlTemplate\":\"https:\/\/antoninasofia.com\/?s={search_term_string}\"},\"query-input\":\"required name=search_term_string\"}],\"inLanguage\":\"ro-RO\"}]}<\/script>\n<!-- \/ Yoast SEO plugin. -->","yoast_head_json":{"title":"Reborn in the Abiss - ANTONINA SOFIA SOCIU","robots":{"index":"index","follow":"follow","max-snippet":"max-snippet:-1","max-image-preview":"max-image-preview:large","max-video-preview":"max-video-preview:-1"},"canonical":"https:\/\/antoninasofia.com\/ro\/produs\/reborn-in-the-abiss\/","og_locale":"ro_RO","og_type":"article","og_title":"Reborn in the Abiss - ANTONINA SOFIA SOCIU","og_description":"\"Reborn in the Abyss\" can be interpreted as an expression of the human capacity to rise and rediscover oneself amidst adversities and profound changes, while also serving as an invitation to explore, contemplate, and rediscover one's own potential for transformation and rebirth.","og_url":"https:\/\/antoninasofia.com\/ro\/produs\/reborn-in-the-abiss\/","og_site_name":"ANTONINA SOFIA SOCIU","article_modified_time":"2026-02-03T10:57:05+00:00","og_image":[{"width":1770,"height":2000,"url":"https:\/\/antoninasofia.com\/wp-content\/uploads\/2023\/09\/reborn-in-the-abbis-11.jpg","type":"image\/jpeg"}],"twitter_card":"summary_large_image","twitter_misc":{"Timp estimat pentru citire":"1 minut"},"schema":{"@context":"https:\/\/schema.org","@graph":[{"@type":"WebPage","@id":"https:\/\/antoninasofia.com\/product\/reborn-in-the-abiss\/","url":"https:\/\/antoninasofia.com\/product\/reborn-in-the-abiss\/","name":"Reborn in the Abiss - ANTONINA SOFIA SOCIU","isPartOf":{"@id":"https:\/\/antoninasofia.com\/#website"},"datePublished":"2023-09-06T10:14:54+00:00","dateModified":"2026-02-03T10:57:05+00:00","breadcrumb":{"@id":"https:\/\/antoninasofia.com\/product\/reborn-in-the-abiss\/#breadcrumb"},"inLanguage":"ro-RO","potentialAction":[{"@type":"ReadAction","target":["https:\/\/antoninasofia.com\/product\/reborn-in-the-abiss\/"]}]},{"@type":"BreadcrumbList","@id":"https:\/\/antoninasofia.com\/product\/reborn-in-the-abiss\/#breadcrumb","itemListElement":[{"@type":"ListItem","position":1,"name":"Home","item":"https:\/\/antoninasofia.com\/"},{"@type":"ListItem","position":2,"name":"Shop","item":"https:\/\/antoninasofia.com\/shop\/"},{"@type":"ListItem","position":3,"name":"Reborn in the Abiss"}]},{"@type":"WebSite","@id":"https:\/\/antoninasofia.com\/#website","url":"https:\/\/antoninasofia.com\/","name":"ANTONINA SOFIA SOCIU","description":"Abstract Artist","potentialAction":[{"@type":"SearchAction","target":{"@type":"EntryPoint","urlTemplate":"https:\/\/antoninasofia.com\/?s={search_term_string}"},"query-input":"required name=search_term_string"}],"inLanguage":"ro-RO"}]}},"_links":{"self":[{"href":"https:\/\/antoninasofia.com\/ro\/wp-json\/wp\/v2\/product\/796","targetHints":{"allow":["GET"]}}],"collection":[{"href":"https:\/\/antoninasofia.com\/ro\/wp-json\/wp\/v2\/product"}],"about":[{"href":"https:\/\/antoninasofia.com\/ro\/wp-json\/wp\/v2\/types\/product"}],"replies":[{"embeddable":true,"href":"https:\/\/antoninasofia.com\/ro\/wp-json\/wp\/v2\/comments?post=796"}],"wp:featuredmedia":[{"embeddable":true,"href":"https:\/\/antoninasofia.com\/ro\/wp-json\/wp\/v2\/media\/743"}],"wp:attachment":[{"href":"https:\/\/antoninasofia.com\/ro\/wp-json\/wp\/v2\/media?parent=796"}],"wp:term":[{"taxonomy":"product_cat","embeddable":true,"href":"https:\/\/antoninasofia.com\/ro\/wp-json\/wp\/v2\/product_cat?post=796"},{"taxonomy":"product_tag","embeddable":true,"href":"https:\/\/antoninasofia.com\/ro\/wp-json\/wp\/v2\/product_tag?post=796"}],"curies":[{"name":"wp","href":"https:\/\/api.w.org\/{rel}","templated":true}]}}