{"id":578,"date":"2016-07-26T12:56:07","date_gmt":"2016-07-26T12:56:07","guid":{"rendered":"http:\/\/artday-wp.wossthemes.com\/artday-xml\/?post_type=product&#038;p=578"},"modified":"2023-09-15T07:13:58","modified_gmt":"2023-09-15T07:13:58","slug":"monologue","status":"publish","type":"product","link":"https:\/\/antoninasofia.com\/ro\/produs\/monologue\/","title":{"rendered":"Monolog"},"content":{"rendered":"<p>\u201cMonolog\u201d, pictat de Antonina Sofia Sociu. Aceast\u0103 pictur\u0103 este o oper\u0103 de art\u0103 unic\u0103, original\u0103 \u0219i face parte din seria abstract\u0103 a artistei, denumit\u0103 \"Devenire\".<\/p>\n<p><a href=\"https:\/\/antoninasofia.com\/ro\/2023\/09\/06\/expressions-reflections-and-attitudes-in-the-creation-of-artist-antonina-sofia-sociu\/\" target=\"_blank\" rel=\"noopener\">\u201ePlasticiana  care mediteaz\u0103 profund asupra propriilor idei \u015fi concepte, argument\u00e2ndu-\u0219i elocvent viziunea despre subiectele alese,  \u00eembin\u0103 \u00een mod armonios ra\u021bionalul cu esen\u021ba unor evenimente marcante din via\u021ba sa. \u015ei pornind de aici, m\u0103rturise\u0219te prin crea\u021biile sale emo\u021biile acelor intense tr\u0103iri variind \u00eentre bucuria reg\u0103sirii frumosului din jurul nostru \u0219i dramatismul unor clipe dureroase ce i-au marcat existen\u021ba.\u201d<\/a><\/p>\n<p>Este important de men\u021bionat c\u0103 arta abstract\u0103 poate fi interpretat\u0103 \u00een mod diferit de c\u0103tre fiecare privitor \u0219i ceea ce reprezint\u0103 poate varia \u00een func\u021bie de perspectiva \u0219i experien\u021ba fiec\u0103ruia.<\/p>","protected":false},"excerpt":{"rendered":"<p>\u201cMonolog\u201d poate fi interpretat ca o reprezentare simbolic\u0103 a introspec\u021biei, \u00een care sufletul se angajeaz\u0103 \u00eentr-un dialog profund cu el \u00eensu\u0219i, c\u0103ut\u00e2nd s\u0103 descopere adev\u0103ruri \u0219i sensuri personale.<\/p>\n<p>Prin intermediul compozi\u021biei abstracte \u0219i a tonurilor de alb \u0219i negru, \u201cMonolog\u201d  invoc\u0103 un sentiment de intimitate \u0219i autodescoperire.<\/p>","protected":false},"featured_media":1005,"comment_status":"open","ping_status":"closed","template":"","meta":[],"product_cat":[50,58],"product_tag":[32,62,51,63,64,59,61,60],"class_list":["post-578","product","type-product","status-publish","has-post-thumbnail","hentry","product_cat-abstract","product_cat-becoming","product_tag-abstract","product_tag-acrylic","product_tag-art","product_tag-art-therapy","product_tag-artist","product_tag-contemporary-art","product_tag-interior-design","product_tag-modern-art"],"yoast_head":"<!-- This site is optimized with the Yoast SEO plugin v21.2 - https:\/\/yoast.com\/wordpress\/plugins\/seo\/ -->\n<title>Monologue - ANTONINA SOFIA SOCIU<\/title>\n<meta name=\"robots\" content=\"index, follow, max-snippet:-1, max-image-preview:large, max-video-preview:-1\" \/>\n<link rel=\"canonical\" href=\"https:\/\/antoninasofia.com\/ro\/produs\/monologue\/\" \/>\n<meta property=\"og:locale\" content=\"ro_RO\" \/>\n<meta property=\"og:type\" content=\"article\" \/>\n<meta property=\"og:title\" content=\"Monologue - ANTONINA SOFIA SOCIU\" \/>\n<meta property=\"og:description\" content=\"&quot;Monologue&quot; can be interpreted as a symbolic representation of introspection, where the soul engages in a deep dialogue with itself, seeking to discover personal truths and meanings.  Through the abstract composition and the use of black and white tones, &quot;Monologue&quot; invokes a sense of intimacy and self-discovery.\" \/>\n<meta property=\"og:url\" content=\"https:\/\/antoninasofia.com\/ro\/produs\/monologue\/\" \/>\n<meta property=\"og:site_name\" content=\"ANTONINA SOFIA SOCIU\" \/>\n<meta property=\"article:modified_time\" content=\"2023-09-15T07:13:58+00:00\" \/>\n<meta property=\"og:image\" content=\"https:\/\/antoninasofia.com\/wp-content\/uploads\/2023\/09\/monolog-1.jpg\" \/>\n\t<meta property=\"og:image:width\" content=\"1770\" \/>\n\t<meta property=\"og:image:height\" content=\"2000\" \/>\n\t<meta property=\"og:image:type\" content=\"image\/jpeg\" \/>\n<meta name=\"twitter:card\" content=\"summary_large_image\" \/>\n<meta name=\"twitter:label1\" content=\"Timp estimat pentru citire\" \/>\n\t<meta name=\"twitter:data1\" content=\"1 minut\" \/>\n<script type=\"application\/ld+json\" class=\"yoast-schema-graph\">{\"@context\":\"https:\/\/schema.org\",\"@graph\":[{\"@type\":\"WebPage\",\"@id\":\"https:\/\/antoninasofia.com\/product\/monologue\/\",\"url\":\"https:\/\/antoninasofia.com\/product\/monologue\/\",\"name\":\"Monologue - ANTONINA SOFIA SOCIU\",\"isPartOf\":{\"@id\":\"https:\/\/antoninasofia.com\/#website\"},\"datePublished\":\"2016-07-26T12:56:07+00:00\",\"dateModified\":\"2023-09-15T07:13:58+00:00\",\"breadcrumb\":{\"@id\":\"https:\/\/antoninasofia.com\/product\/monologue\/#breadcrumb\"},\"inLanguage\":\"ro-RO\",\"potentialAction\":[{\"@type\":\"ReadAction\",\"target\":[\"https:\/\/antoninasofia.com\/product\/monologue\/\"]}]},{\"@type\":\"BreadcrumbList\",\"@id\":\"https:\/\/antoninasofia.com\/product\/monologue\/#breadcrumb\",\"itemListElement\":[{\"@type\":\"ListItem\",\"position\":1,\"name\":\"Home\",\"item\":\"https:\/\/antoninasofia.com\/\"},{\"@type\":\"ListItem\",\"position\":2,\"name\":\"Shop\",\"item\":\"https:\/\/antoninasofia.com\/shop\/\"},{\"@type\":\"ListItem\",\"position\":3,\"name\":\"Monologue\"}]},{\"@type\":\"WebSite\",\"@id\":\"https:\/\/antoninasofia.com\/#website\",\"url\":\"https:\/\/antoninasofia.com\/\",\"name\":\"ANTONINA SOFIA SOCIU\",\"description\":\"Abstract Artist\",\"potentialAction\":[{\"@type\":\"SearchAction\",\"target\":{\"@type\":\"EntryPoint\",\"urlTemplate\":\"https:\/\/antoninasofia.com\/?s={search_term_string}\"},\"query-input\":\"required name=search_term_string\"}],\"inLanguage\":\"ro-RO\"}]}<\/script>\n<!-- \/ Yoast SEO plugin. -->","yoast_head_json":{"title":"Monologue - ANTONINA SOFIA SOCIU","robots":{"index":"index","follow":"follow","max-snippet":"max-snippet:-1","max-image-preview":"max-image-preview:large","max-video-preview":"max-video-preview:-1"},"canonical":"https:\/\/antoninasofia.com\/ro\/produs\/monologue\/","og_locale":"ro_RO","og_type":"article","og_title":"Monologue - ANTONINA SOFIA SOCIU","og_description":"\"Monologue\" can be interpreted as a symbolic representation of introspection, where the soul engages in a deep dialogue with itself, seeking to discover personal truths and meanings.  Through the abstract composition and the use of black and white tones, \"Monologue\" invokes a sense of intimacy and self-discovery.","og_url":"https:\/\/antoninasofia.com\/ro\/produs\/monologue\/","og_site_name":"ANTONINA SOFIA SOCIU","article_modified_time":"2023-09-15T07:13:58+00:00","og_image":[{"width":1770,"height":2000,"url":"https:\/\/antoninasofia.com\/wp-content\/uploads\/2023\/09\/monolog-1.jpg","type":"image\/jpeg"}],"twitter_card":"summary_large_image","twitter_misc":{"Timp estimat pentru citire":"1 minut"},"schema":{"@context":"https:\/\/schema.org","@graph":[{"@type":"WebPage","@id":"https:\/\/antoninasofia.com\/product\/monologue\/","url":"https:\/\/antoninasofia.com\/product\/monologue\/","name":"Monologue - ANTONINA SOFIA SOCIU","isPartOf":{"@id":"https:\/\/antoninasofia.com\/#website"},"datePublished":"2016-07-26T12:56:07+00:00","dateModified":"2023-09-15T07:13:58+00:00","breadcrumb":{"@id":"https:\/\/antoninasofia.com\/product\/monologue\/#breadcrumb"},"inLanguage":"ro-RO","potentialAction":[{"@type":"ReadAction","target":["https:\/\/antoninasofia.com\/product\/monologue\/"]}]},{"@type":"BreadcrumbList","@id":"https:\/\/antoninasofia.com\/product\/monologue\/#breadcrumb","itemListElement":[{"@type":"ListItem","position":1,"name":"Home","item":"https:\/\/antoninasofia.com\/"},{"@type":"ListItem","position":2,"name":"Shop","item":"https:\/\/antoninasofia.com\/shop\/"},{"@type":"ListItem","position":3,"name":"Monologue"}]},{"@type":"WebSite","@id":"https:\/\/antoninasofia.com\/#website","url":"https:\/\/antoninasofia.com\/","name":"ANTONINA SOFIA SOCIU","description":"Abstract Artist","potentialAction":[{"@type":"SearchAction","target":{"@type":"EntryPoint","urlTemplate":"https:\/\/antoninasofia.com\/?s={search_term_string}"},"query-input":"required name=search_term_string"}],"inLanguage":"ro-RO"}]}},"_links":{"self":[{"href":"https:\/\/antoninasofia.com\/ro\/wp-json\/wp\/v2\/product\/578","targetHints":{"allow":["GET"]}}],"collection":[{"href":"https:\/\/antoninasofia.com\/ro\/wp-json\/wp\/v2\/product"}],"about":[{"href":"https:\/\/antoninasofia.com\/ro\/wp-json\/wp\/v2\/types\/product"}],"replies":[{"embeddable":true,"href":"https:\/\/antoninasofia.com\/ro\/wp-json\/wp\/v2\/comments?post=578"}],"wp:featuredmedia":[{"embeddable":true,"href":"https:\/\/antoninasofia.com\/ro\/wp-json\/wp\/v2\/media\/1005"}],"wp:attachment":[{"href":"https:\/\/antoninasofia.com\/ro\/wp-json\/wp\/v2\/media?parent=578"}],"wp:term":[{"taxonomy":"product_cat","embeddable":true,"href":"https:\/\/antoninasofia.com\/ro\/wp-json\/wp\/v2\/product_cat?post=578"},{"taxonomy":"product_tag","embeddable":true,"href":"https:\/\/antoninasofia.com\/ro\/wp-json\/wp\/v2\/product_tag?post=578"}],"curies":[{"name":"wp","href":"https:\/\/api.w.org\/{rel}","templated":true}]}}