{"id":672,"date":"2023-08-30T13:39:30","date_gmt":"2023-08-30T13:39:30","guid":{"rendered":"https:\/\/antoninasofia.com\/?page_id=672"},"modified":"2023-09-15T12:14:14","modified_gmt":"2023-09-15T12:14:14","slug":"about-the-artist","status":"publish","type":"page","link":"https:\/\/antoninasofia.com\/ro\/about-the-artist\/","title":{"rendered":"Despre artist"},"content":{"rendered":"<section class=\"wpb-content-wrapper\"><div class=\"vc_row wpb_row vc_row-fluid vc_custom_1694531091491 vc_row-o-equal-height vc_row-flex\"><div class=\"wpb_column vc_column_container vc_col-sm-6\"><div class=\"vc_column-inner\"><div class=\"wpb_wrapper\">\n\t<div  class=\"wpb_single_image wpb_content_element vc_align_center\">\n\t\t\n\t\t<figure class=\"wpb_wrapper vc_figure\">\n\t\t\t<div class=\"vc_single_image-wrapper   vc_box_border_grey\"><img loading=\"lazy\" decoding=\"async\" width=\"1333\" height=\"2000\" src=\"https:\/\/antoninasofia.com\/wp-content\/uploads\/2023\/09\/Artist-romana.png\" class=\"vc_single_image-img attachment-full\" alt=\"\" title=\"Artist - engleza\" srcset=\"https:\/\/antoninasofia.com\/wp-content\/uploads\/2023\/09\/Artist-romana.png 1333w, https:\/\/antoninasofia.com\/wp-content\/uploads\/2023\/09\/Artist-romana-200x300.png 200w, https:\/\/antoninasofia.com\/wp-content\/uploads\/2023\/09\/Artist-romana-682x1024.png 682w, https:\/\/antoninasofia.com\/wp-content\/uploads\/2023\/09\/Artist-romana-768x1152.png 768w, https:\/\/antoninasofia.com\/wp-content\/uploads\/2023\/09\/Artist-romana-1024x1536.png 1024w, https:\/\/antoninasofia.com\/wp-content\/uploads\/2023\/09\/Artist-romana-8x12.png 8w, https:\/\/antoninasofia.com\/wp-content\/uploads\/2023\/09\/Artist-romana-600x900.png 600w\" sizes=\"auto, (max-width: 1333px) 100vw, 1333px\" \/><\/div>\n\t\t<\/figure>\n\t<\/div>\n<div class=\"vc_empty_space\"   style=\"height: 30px\"><span class=\"vc_empty_space_inner\"><\/span><\/div><\/div><\/div><\/div><div class=\"wpb_column vc_column_container vc_col-sm-6\"><div class=\"vc_column-inner\"><div class=\"wpb_wrapper\">\n\t<div class=\"wpb_text_column wpb_content_element  smaller-txt\" >\n\t\t<div class=\"wpb_wrapper\">\n\t\t\t<p>&lt;&lt;&lt; \u00cenc\u0103 din 1995, un prim tablou transpus pe p\u00e2nz\u0103 a fost dovada de \u00eenceput a arderii mele interioare, o prevestire a pasiunii ce avea s\u0103 m\u0103 \u00eenso\u021beasc\u0103 de-a lungul vie\u021bii. Chiar dac\u0103 am ales o cale profesional\u0103 \u00eentr-un domeniu mai pragmatic, \u00een c\u0103utarea unei siguran\u021be iluzorii, fascina\u0163ia mea pentru art\u0103 nu a \u00eencetat niciodat\u0103 s\u0103 m\u0103 macine pe interior, s\u0103 m\u0103 seduc\u0103 \u0219i s\u0103 m\u0103 inspire.<\/p>\n<p>\u00cens\u0103 via\u0163a nu este numai pl\u0103cere, un singur val av\u00e2nd puterea s\u0103 m\u0103 \u00eengenuncheze \u00een 2012, c\u00e2nd drama mor\u0163ii so\u0163ului meu a oprit clipa \u00een loc, subliniind fragilitatea existen\u021bei. Iar astfel, cu sufletul fragmentat am scris. Poezii, g\u00e2nduri \u015fi emo\u0163ii a\u015fternute pe h\u00e2rtie. Iar mai apoi, mi-am transpus vocea propriilor sentimente \u015fi emo\u0163ii \u00een pasiune \u015fi straturi de culoare.<\/p>\n<p>Indiferent de calea parcurs\u0103 \u00een aceast\u0103 via\u0163\u0103 pasiunea mea pentru art\u0103 a r\u0103mas mereu prezent\u0103, vital\u0103, un fir ro\u0219u \u00een p\u00e2nza vie\u021bii mele. Ca artist intuitiv, autodidact, esen\u021ba mea const\u0103 \u00een expresia liber\u0103 a crea\u021biei, pictura fiind limbajul prin care \u00eemi pot exprima emo\u021biile, g\u00e2ndurile \u0219i experien\u021bele interioare, proces al reconstruc\u0163iei personale \u015fi eliber\u0103rii de normele sociale.<\/p>\n<p><strong>De\u015fi vulnerabilitatea nu este comod\u0103, \u00eenc\u0103 \u00eenv\u0103\u0163 c\u0103 nu este nici semn de sl\u0103biciune, ci de curaj \u0219i autenticitate, precum \u0219i o surs\u0103 inepuizabil\u0103 de eliberare \u015fi iubire de sine ! <\/strong><\/p>\n<p>Fiecare p\u00e2nz\u0103 pe care o ating \u015fi o \u00eembrac \u00een culoare este o c\u0103l\u0103torie transformatoare, un manifest al frumuse\u021bii \u0219i complexit\u0103\u021bii emo\u021biilor umane. \u00cemi place s\u0103 experimentez \u0219i s\u0103 combin diferite tehnici \u0219i materiale, pentru a da via\u021b\u0103 unor compozi\u021bii personale.<\/p>\n<p>Cred cu t\u0103rie c\u0103 fiecare dintre noi are un poten\u021bial neexplorat \u015fi indiferent de v\u00e2rst\u0103, experien\u021b\u0103 sau talent artistic ne putem descoperi \u015fi valorifica propriul poten\u021bial creativ. &gt;&gt;&gt;<\/p>\n<p style=\"text-align: right;\">ANTONINA SOFIA SOCIU<\/p>\n\n\t\t<\/div>\n\t<\/div>\n<div class=\"vc_empty_space\"   style=\"height: 30px\"><span class=\"vc_empty_space_inner\"><\/span><\/div><\/div><\/div><\/div><\/div><div class=\"vc_row wpb_row vc_row-fluid\"><div class=\"wpb_column vc_column_container vc_col-sm-6\"><div class=\"vc_column-inner\"><div class=\"wpb_wrapper\">\n\t<div  class=\"wpb_single_image wpb_content_element vc_align_center\">\n\t\t\n\t\t<figure class=\"wpb_wrapper vc_figure\">\n\t\t\t<div class=\"vc_single_image-wrapper   vc_box_border_grey\"><img loading=\"lazy\" decoding=\"async\" width=\"1333\" height=\"2000\" src=\"https:\/\/antoninasofia.com\/wp-content\/uploads\/2023\/09\/Acceptare-romana.png\" class=\"vc_single_image-img attachment-full\" alt=\"\" title=\"Acceptare - engleza\" srcset=\"https:\/\/antoninasofia.com\/wp-content\/uploads\/2023\/09\/Acceptare-romana.png 1333w, https:\/\/antoninasofia.com\/wp-content\/uploads\/2023\/09\/Acceptare-romana-200x300.png 200w, https:\/\/antoninasofia.com\/wp-content\/uploads\/2023\/09\/Acceptare-romana-682x1024.png 682w, https:\/\/antoninasofia.com\/wp-content\/uploads\/2023\/09\/Acceptare-romana-768x1152.png 768w, https:\/\/antoninasofia.com\/wp-content\/uploads\/2023\/09\/Acceptare-romana-1024x1536.png 1024w, https:\/\/antoninasofia.com\/wp-content\/uploads\/2023\/09\/Acceptare-romana-8x12.png 8w, https:\/\/antoninasofia.com\/wp-content\/uploads\/2023\/09\/Acceptare-romana-600x900.png 600w\" sizes=\"auto, (max-width: 1333px) 100vw, 1333px\" \/><\/div>\n\t\t<\/figure>\n\t<\/div>\n<div class=\"vc_empty_space\"   style=\"height: 30px\"><span class=\"vc_empty_space_inner\"><\/span><\/div><\/div><\/div><\/div><div class=\"wpb_column vc_column_container vc_col-sm-6\"><div class=\"vc_column-inner\"><div class=\"wpb_wrapper\">\n\t<div  class=\"wpb_single_image wpb_content_element vc_align_center\">\n\t\t\n\t\t<figure class=\"wpb_wrapper vc_figure\">\n\t\t\t<div class=\"vc_single_image-wrapper   vc_box_border_grey\"><img loading=\"lazy\" decoding=\"async\" width=\"1333\" height=\"2000\" src=\"https:\/\/antoninasofia.com\/wp-content\/uploads\/2023\/09\/Renascut-in-abis-romana.png\" class=\"vc_single_image-img attachment-full\" alt=\"\" title=\"Renascut in abis - engleza\" srcset=\"https:\/\/antoninasofia.com\/wp-content\/uploads\/2023\/09\/Renascut-in-abis-romana.png 1333w, https:\/\/antoninasofia.com\/wp-content\/uploads\/2023\/09\/Renascut-in-abis-romana-200x300.png 200w, https:\/\/antoninasofia.com\/wp-content\/uploads\/2023\/09\/Renascut-in-abis-romana-682x1024.png 682w, https:\/\/antoninasofia.com\/wp-content\/uploads\/2023\/09\/Renascut-in-abis-romana-768x1152.png 768w, https:\/\/antoninasofia.com\/wp-content\/uploads\/2023\/09\/Renascut-in-abis-romana-1024x1536.png 1024w, https:\/\/antoninasofia.com\/wp-content\/uploads\/2023\/09\/Renascut-in-abis-romana-8x12.png 8w, https:\/\/antoninasofia.com\/wp-content\/uploads\/2023\/09\/Renascut-in-abis-romana-600x900.png 600w\" sizes=\"auto, (max-width: 1333px) 100vw, 1333px\" \/><\/div>\n\t\t<\/figure>\n\t<\/div>\n<div class=\"vc_empty_space\"   style=\"height: 30px\"><span class=\"vc_empty_space_inner\"><\/span><\/div><\/div><\/div><\/div><\/div>\n<\/section>","protected":false},"excerpt":{"rendered":"&lt;&lt;&lt;\u00a0 As early as 1995, a first painting transposed on canvas was the initial proof of my inner flame, an omen for the passion that would accompany me throughout my life. Even though I have taken a professional path in a more pragmatic field, in search of illusory security, my fascination for art has never [...]","protected":false},"author":1,"featured_media":0,"parent":0,"menu_order":0,"comment_status":"closed","ping_status":"closed","template":"template-page.php","meta":{"footnotes":""},"class_list":["post-672","page","type-page","status-publish","hentry"],"yoast_head":"<!-- This site is optimized with the Yoast SEO plugin v21.2 - https:\/\/yoast.com\/wordpress\/plugins\/seo\/ -->\n<title>About the artist - ANTONINA SOFIA SOCIU<\/title>\n<meta name=\"robots\" content=\"index, follow, max-snippet:-1, max-image-preview:large, max-video-preview:-1\" \/>\n<link rel=\"canonical\" href=\"https:\/\/antoninasofia.com\/ro\/about-the-artist\/\" \/>\n<meta property=\"og:locale\" content=\"ro_RO\" \/>\n<meta property=\"og:type\" content=\"article\" \/>\n<meta property=\"og:title\" content=\"About the artist - ANTONINA SOFIA SOCIU\" \/>\n<meta property=\"og:url\" content=\"https:\/\/antoninasofia.com\/ro\/about-the-artist\/\" \/>\n<meta property=\"og:site_name\" content=\"ANTONINA SOFIA SOCIU\" \/>\n<meta property=\"article:modified_time\" content=\"2023-09-15T12:14:14+00:00\" \/>\n<meta property=\"og:image\" content=\"https:\/\/antoninasofia.com\/wp-content\/uploads\/2023\/09\/ANTONINA-SOFIA-SOCIU-Abstract-Artist.png\" \/>\n\t<meta property=\"og:image:width\" content=\"1200\" \/>\n\t<meta property=\"og:image:height\" content=\"675\" \/>\n\t<meta property=\"og:image:type\" content=\"image\/png\" \/>\n<meta name=\"twitter:card\" content=\"summary_large_image\" \/>\n<meta name=\"twitter:label1\" content=\"Timp estimat pentru citire\" \/>\n\t<meta name=\"twitter:data1\" content=\"2 minute\" \/>\n<script type=\"application\/ld+json\" class=\"yoast-schema-graph\">{\"@context\":\"https:\/\/schema.org\",\"@graph\":[{\"@type\":\"WebPage\",\"@id\":\"https:\/\/antoninasofia.com\/about-the-artist\/\",\"url\":\"https:\/\/antoninasofia.com\/about-the-artist\/\",\"name\":\"About the artist - ANTONINA SOFIA SOCIU\",\"isPartOf\":{\"@id\":\"https:\/\/antoninasofia.com\/#website\"},\"datePublished\":\"2023-08-30T13:39:30+00:00\",\"dateModified\":\"2023-09-15T12:14:14+00:00\",\"breadcrumb\":{\"@id\":\"https:\/\/antoninasofia.com\/about-the-artist\/#breadcrumb\"},\"inLanguage\":\"ro-RO\",\"potentialAction\":[{\"@type\":\"ReadAction\",\"target\":[\"https:\/\/antoninasofia.com\/about-the-artist\/\"]}]},{\"@type\":\"BreadcrumbList\",\"@id\":\"https:\/\/antoninasofia.com\/about-the-artist\/#breadcrumb\",\"itemListElement\":[{\"@type\":\"ListItem\",\"position\":1,\"name\":\"Home\",\"item\":\"https:\/\/antoninasofia.com\/\"},{\"@type\":\"ListItem\",\"position\":2,\"name\":\"About the artist\"}]},{\"@type\":\"WebSite\",\"@id\":\"https:\/\/antoninasofia.com\/#website\",\"url\":\"https:\/\/antoninasofia.com\/\",\"name\":\"ANTONINA SOFIA SOCIU\",\"description\":\"Abstract Artist\",\"potentialAction\":[{\"@type\":\"SearchAction\",\"target\":{\"@type\":\"EntryPoint\",\"urlTemplate\":\"https:\/\/antoninasofia.com\/?s={search_term_string}\"},\"query-input\":\"required name=search_term_string\"}],\"inLanguage\":\"ro-RO\"}]}<\/script>\n<!-- \/ Yoast SEO plugin. -->","yoast_head_json":{"title":"About the artist - ANTONINA SOFIA SOCIU","robots":{"index":"index","follow":"follow","max-snippet":"max-snippet:-1","max-image-preview":"max-image-preview:large","max-video-preview":"max-video-preview:-1"},"canonical":"https:\/\/antoninasofia.com\/ro\/about-the-artist\/","og_locale":"ro_RO","og_type":"article","og_title":"About the artist - ANTONINA SOFIA SOCIU","og_url":"https:\/\/antoninasofia.com\/ro\/about-the-artist\/","og_site_name":"ANTONINA SOFIA SOCIU","article_modified_time":"2023-09-15T12:14:14+00:00","og_image":[{"width":1200,"height":675,"url":"https:\/\/antoninasofia.com\/wp-content\/uploads\/2023\/09\/ANTONINA-SOFIA-SOCIU-Abstract-Artist.png","type":"image\/png"}],"twitter_card":"summary_large_image","twitter_misc":{"Timp estimat pentru citire":"2 minute"},"schema":{"@context":"https:\/\/schema.org","@graph":[{"@type":"WebPage","@id":"https:\/\/antoninasofia.com\/about-the-artist\/","url":"https:\/\/antoninasofia.com\/about-the-artist\/","name":"About the artist - ANTONINA SOFIA SOCIU","isPartOf":{"@id":"https:\/\/antoninasofia.com\/#website"},"datePublished":"2023-08-30T13:39:30+00:00","dateModified":"2023-09-15T12:14:14+00:00","breadcrumb":{"@id":"https:\/\/antoninasofia.com\/about-the-artist\/#breadcrumb"},"inLanguage":"ro-RO","potentialAction":[{"@type":"ReadAction","target":["https:\/\/antoninasofia.com\/about-the-artist\/"]}]},{"@type":"BreadcrumbList","@id":"https:\/\/antoninasofia.com\/about-the-artist\/#breadcrumb","itemListElement":[{"@type":"ListItem","position":1,"name":"Home","item":"https:\/\/antoninasofia.com\/"},{"@type":"ListItem","position":2,"name":"About the artist"}]},{"@type":"WebSite","@id":"https:\/\/antoninasofia.com\/#website","url":"https:\/\/antoninasofia.com\/","name":"ANTONINA SOFIA SOCIU","description":"Abstract Artist","potentialAction":[{"@type":"SearchAction","target":{"@type":"EntryPoint","urlTemplate":"https:\/\/antoninasofia.com\/?s={search_term_string}"},"query-input":"required name=search_term_string"}],"inLanguage":"ro-RO"}]}},"_links":{"self":[{"href":"https:\/\/antoninasofia.com\/ro\/wp-json\/wp\/v2\/pages\/672","targetHints":{"allow":["GET"]}}],"collection":[{"href":"https:\/\/antoninasofia.com\/ro\/wp-json\/wp\/v2\/pages"}],"about":[{"href":"https:\/\/antoninasofia.com\/ro\/wp-json\/wp\/v2\/types\/page"}],"author":[{"embeddable":true,"href":"https:\/\/antoninasofia.com\/ro\/wp-json\/wp\/v2\/users\/1"}],"replies":[{"embeddable":true,"href":"https:\/\/antoninasofia.com\/ro\/wp-json\/wp\/v2\/comments?post=672"}],"version-history":[{"count":15,"href":"https:\/\/antoninasofia.com\/ro\/wp-json\/wp\/v2\/pages\/672\/revisions"}],"predecessor-version":[{"id":981,"href":"https:\/\/antoninasofia.com\/ro\/wp-json\/wp\/v2\/pages\/672\/revisions\/981"}],"wp:attachment":[{"href":"https:\/\/antoninasofia.com\/ro\/wp-json\/wp\/v2\/media?parent=672"}],"curies":[{"name":"wp","href":"https:\/\/api.w.org\/{rel}","templated":true}]}}