{"id":798,"date":"2023-09-06T10:18:44","date_gmt":"2023-09-06T10:18:44","guid":{"rendered":"https:\/\/antoninasofia.com\/?post_type=product&#038;p=798"},"modified":"2026-02-02T00:36:03","modified_gmt":"2026-02-02T00:36:03","slug":"around-the-world-dancing","status":"publish","type":"product","link":"https:\/\/antoninasofia.com\/fr\/produit\/around-the-world-dancing\/","title":{"rendered":"Autour du monde dansant"},"content":{"rendered":"<p>\"Autour du monde dansant\", peint par Antonina Sofia Sociu. Cette peinture est une \u0153uvre unique, originale et fait partie de la s\u00e9rie abstraite de l'artiste intitul\u00e9e \"Devenir\".<\/p>\n<p><a href=\"https:\/\/antoninasofia.com\/fr\/2023\/09\/06\/expressions-reflections-and-attitudes-in-the-creation-of-artist-antonina-sofia-sociu\/\" target=\"_blank\" rel=\"noopener\">\"L'artiste visuelle qui m\u00e9dite profond\u00e9ment sur ses propres id\u00e9es et concepts, articule de mani\u00e8re \u00e9loquente sa vision sur les sujets choisis, fusionnant harmonieusement le rationnel avec l'essence des \u00e9v\u00e9nements marquants de sa vie. \u00c0 partir de l\u00e0, elle avoue les \u00e9motions de ces exp\u00e9riences intenses \u00e0 travers ses cr\u00e9ations, allant de la joie de red\u00e9couvrir la beaut\u00e9 qui nous entoure au drame des moments douloureux qui ont marqu\u00e9 son existence.\"<\/a><\/p>\n<p>Il est important de noter que l'art abstrait peut \u00eatre interpr\u00e9t\u00e9 diff\u00e9remment par chaque spectateur, et ce qu'il repr\u00e9sente peut varier en fonction de la perspective et de l'exp\u00e9rience de chacun.<\/p>","protected":false},"excerpt":{"rendered":"<p>\u201cAutour du monde dansant\u201d invite le spectateur \u00e0 explorer de nouvelles destinations, \u00e0 s'enrichir d'exp\u00e9riences diverses, \u00e0 vivre avec passion et curiosit\u00e9.<\/p>\n<p>\u201cAutour du monde dansant\u201d se veut un guide dans la recherche de la compr\u00e9hension de soi et du voyage personnel autour du monde.<\/p>","protected":false},"featured_media":777,"comment_status":"open","ping_status":"closed","template":"","meta":[],"product_cat":[50,58],"product_tag":[32,62,51,63,64,59,61,60],"class_list":["post-798","product","type-product","status-publish","has-post-thumbnail","hentry","product_cat-abstract","product_cat-becoming","product_tag-abstract","product_tag-acrylic","product_tag-art","product_tag-art-therapy","product_tag-artist","product_tag-contemporary-art","product_tag-interior-design","product_tag-modern-art"],"yoast_head":"<!-- This site is optimized with the Yoast SEO plugin v21.2 - https:\/\/yoast.com\/wordpress\/plugins\/seo\/ -->\n<title>Around the world dancing - ANTONINA SOFIA SOCIU<\/title>\n<meta name=\"robots\" content=\"index, follow, max-snippet:-1, max-image-preview:large, max-video-preview:-1\" \/>\n<link rel=\"canonical\" href=\"https:\/\/antoninasofia.com\/fr\/produit\/around-the-world-dancing\/\" \/>\n<meta property=\"og:locale\" content=\"fr_FR\" \/>\n<meta property=\"og:type\" content=\"article\" \/>\n<meta property=\"og:title\" content=\"Around the world dancing - ANTONINA SOFIA SOCIU\" \/>\n<meta property=\"og:description\" content=\"\u201cAround the world dancing&quot; invites the viewer to explore new destinations, learn from diverse experiences, living with passion and curiosity.  &quot;Around the world dancing&quot; aims to be a guide in the search for self-understanding and personal travel around the world.\" \/>\n<meta property=\"og:url\" content=\"https:\/\/antoninasofia.com\/fr\/produit\/around-the-world-dancing\/\" \/>\n<meta property=\"og:site_name\" content=\"ANTONINA SOFIA SOCIU\" \/>\n<meta property=\"article:modified_time\" content=\"2026-02-02T00:36:03+00:00\" \/>\n<meta property=\"og:image\" content=\"https:\/\/antoninasofia.com\/wp-content\/uploads\/2023\/09\/around-the-world-dancing-12.jpg\" \/>\n\t<meta property=\"og:image:width\" content=\"1770\" \/>\n\t<meta property=\"og:image:height\" content=\"2000\" \/>\n\t<meta property=\"og:image:type\" content=\"image\/jpeg\" \/>\n<meta name=\"twitter:card\" content=\"summary_large_image\" \/>\n<meta name=\"twitter:label1\" content=\"Dur\u00e9e de lecture estim\u00e9e\" \/>\n\t<meta name=\"twitter:data1\" content=\"1 minute\" \/>\n<script type=\"application\/ld+json\" class=\"yoast-schema-graph\">{\"@context\":\"https:\/\/schema.org\",\"@graph\":[{\"@type\":\"WebPage\",\"@id\":\"https:\/\/antoninasofia.com\/product\/around-the-world-dancing\/\",\"url\":\"https:\/\/antoninasofia.com\/product\/around-the-world-dancing\/\",\"name\":\"Around the world dancing - ANTONINA SOFIA SOCIU\",\"isPartOf\":{\"@id\":\"https:\/\/antoninasofia.com\/#website\"},\"datePublished\":\"2023-09-06T10:18:44+00:00\",\"dateModified\":\"2026-02-02T00:36:03+00:00\",\"breadcrumb\":{\"@id\":\"https:\/\/antoninasofia.com\/product\/around-the-world-dancing\/#breadcrumb\"},\"inLanguage\":\"fr-FR\",\"potentialAction\":[{\"@type\":\"ReadAction\",\"target\":[\"https:\/\/antoninasofia.com\/product\/around-the-world-dancing\/\"]}]},{\"@type\":\"BreadcrumbList\",\"@id\":\"https:\/\/antoninasofia.com\/product\/around-the-world-dancing\/#breadcrumb\",\"itemListElement\":[{\"@type\":\"ListItem\",\"position\":1,\"name\":\"Home\",\"item\":\"https:\/\/antoninasofia.com\/\"},{\"@type\":\"ListItem\",\"position\":2,\"name\":\"Shop\",\"item\":\"https:\/\/antoninasofia.com\/shop\/\"},{\"@type\":\"ListItem\",\"position\":3,\"name\":\"Around the world dancing\"}]},{\"@type\":\"WebSite\",\"@id\":\"https:\/\/antoninasofia.com\/#website\",\"url\":\"https:\/\/antoninasofia.com\/\",\"name\":\"ANTONINA SOFIA SOCIU\",\"description\":\"Abstract Artist\",\"potentialAction\":[{\"@type\":\"SearchAction\",\"target\":{\"@type\":\"EntryPoint\",\"urlTemplate\":\"https:\/\/antoninasofia.com\/?s={search_term_string}\"},\"query-input\":\"required name=search_term_string\"}],\"inLanguage\":\"fr-FR\"}]}<\/script>\n<!-- \/ Yoast SEO plugin. -->","yoast_head_json":{"title":"Around the world dancing - ANTONINA SOFIA SOCIU","robots":{"index":"index","follow":"follow","max-snippet":"max-snippet:-1","max-image-preview":"max-image-preview:large","max-video-preview":"max-video-preview:-1"},"canonical":"https:\/\/antoninasofia.com\/fr\/produit\/around-the-world-dancing\/","og_locale":"fr_FR","og_type":"article","og_title":"Around the world dancing - ANTONINA SOFIA SOCIU","og_description":"\u201cAround the world dancing\" invites the viewer to explore new destinations, learn from diverse experiences, living with passion and curiosity.  \"Around the world dancing\" aims to be a guide in the search for self-understanding and personal travel around the world.","og_url":"https:\/\/antoninasofia.com\/fr\/produit\/around-the-world-dancing\/","og_site_name":"ANTONINA SOFIA SOCIU","article_modified_time":"2026-02-02T00:36:03+00:00","og_image":[{"width":1770,"height":2000,"url":"https:\/\/antoninasofia.com\/wp-content\/uploads\/2023\/09\/around-the-world-dancing-12.jpg","type":"image\/jpeg"}],"twitter_card":"summary_large_image","twitter_misc":{"Dur\u00e9e de lecture estim\u00e9e":"1 minute"},"schema":{"@context":"https:\/\/schema.org","@graph":[{"@type":"WebPage","@id":"https:\/\/antoninasofia.com\/product\/around-the-world-dancing\/","url":"https:\/\/antoninasofia.com\/product\/around-the-world-dancing\/","name":"Around the world dancing - ANTONINA SOFIA SOCIU","isPartOf":{"@id":"https:\/\/antoninasofia.com\/#website"},"datePublished":"2023-09-06T10:18:44+00:00","dateModified":"2026-02-02T00:36:03+00:00","breadcrumb":{"@id":"https:\/\/antoninasofia.com\/product\/around-the-world-dancing\/#breadcrumb"},"inLanguage":"fr-FR","potentialAction":[{"@type":"ReadAction","target":["https:\/\/antoninasofia.com\/product\/around-the-world-dancing\/"]}]},{"@type":"BreadcrumbList","@id":"https:\/\/antoninasofia.com\/product\/around-the-world-dancing\/#breadcrumb","itemListElement":[{"@type":"ListItem","position":1,"name":"Home","item":"https:\/\/antoninasofia.com\/"},{"@type":"ListItem","position":2,"name":"Shop","item":"https:\/\/antoninasofia.com\/shop\/"},{"@type":"ListItem","position":3,"name":"Around the world dancing"}]},{"@type":"WebSite","@id":"https:\/\/antoninasofia.com\/#website","url":"https:\/\/antoninasofia.com\/","name":"ANTONINA SOFIA SOCIU","description":"Abstract Artist","potentialAction":[{"@type":"SearchAction","target":{"@type":"EntryPoint","urlTemplate":"https:\/\/antoninasofia.com\/?s={search_term_string}"},"query-input":"required name=search_term_string"}],"inLanguage":"fr-FR"}]}},"_links":{"self":[{"href":"https:\/\/antoninasofia.com\/fr\/wp-json\/wp\/v2\/product\/798","targetHints":{"allow":["GET"]}}],"collection":[{"href":"https:\/\/antoninasofia.com\/fr\/wp-json\/wp\/v2\/product"}],"about":[{"href":"https:\/\/antoninasofia.com\/fr\/wp-json\/wp\/v2\/types\/product"}],"replies":[{"embeddable":true,"href":"https:\/\/antoninasofia.com\/fr\/wp-json\/wp\/v2\/comments?post=798"}],"wp:featuredmedia":[{"embeddable":true,"href":"https:\/\/antoninasofia.com\/fr\/wp-json\/wp\/v2\/media\/777"}],"wp:attachment":[{"href":"https:\/\/antoninasofia.com\/fr\/wp-json\/wp\/v2\/media?parent=798"}],"wp:term":[{"taxonomy":"product_cat","embeddable":true,"href":"https:\/\/antoninasofia.com\/fr\/wp-json\/wp\/v2\/product_cat?post=798"},{"taxonomy":"product_tag","embeddable":true,"href":"https:\/\/antoninasofia.com\/fr\/wp-json\/wp\/v2\/product_tag?post=798"}],"curies":[{"name":"wp","href":"https:\/\/api.w.org\/{rel}","templated":true}]}}