{"id":795,"date":"2023-09-06T10:12:54","date_gmt":"2023-09-06T10:12:54","guid":{"rendered":"https:\/\/antoninasofia.com\/?post_type=product&#038;p=795"},"modified":"2025-03-17T12:47:12","modified_gmt":"2025-03-17T12:47:12","slug":"passionate-fantasy","status":"publish","type":"product","link":"https:\/\/antoninasofia.com\/fr\/produit\/passionate-fantasy\/","title":{"rendered":"Fantaisie passionn\u00e9e"},"content":{"rendered":"<p>\"Fantaisie passionn\u00e9e\", peint par Antonina Sofia Sociu. Cette peinture est une \u0153uvre unique, originale et fait partie de la s\u00e9rie abstraite de l'artiste intitul\u00e9e \"Devenir\".<\/p>\n<p><a href=\"https:\/\/antoninasofia.com\/fr\/2023\/09\/06\/expressions-reflections-and-attitudes-in-the-creation-of-artist-antonina-sofia-sociu\/\" target=\"_blank\" rel=\"noopener\">\"L'artiste visuelle qui m\u00e9dite profond\u00e9ment sur ses propres id\u00e9es et concepts, articule de mani\u00e8re \u00e9loquente sa vision sur les sujets choisis, fusionnant harmonieusement le rationnel avec l'essence des \u00e9v\u00e9nements marquants de sa vie. \u00c0 partir de l\u00e0, elle avoue les \u00e9motions de ces exp\u00e9riences intenses \u00e0 travers ses cr\u00e9ations, allant de la joie de red\u00e9couvrir la beaut\u00e9 qui nous entoure au drame des moments douloureux qui ont marqu\u00e9 son existence.\"<\/a><\/p>\n<p>Il est important de noter que l'art abstrait peut \u00eatre interpr\u00e9t\u00e9 diff\u00e9remment par chaque spectateur, et ce qu'il repr\u00e9sente peut varier en fonction de la perspective et de l'exp\u00e9rience de chacun.<\/p>","protected":false},"excerpt":{"rendered":"<p>\"Fantaisie passionn\u00e9e\" est une peinture qui se concentre sur l'expression de la passion et des sentiments intenses \u00e0 travers les couleurs et les \u00e9l\u00e9ments non figuratifs, encourageant une large gamme d'interpr\u00e9tations et d'histoires captivantes, dans lesquelles la passion devient la force motrice de la cr\u00e9ation et de l'exploration.<\/p>","protected":false},"featured_media":992,"comment_status":"open","ping_status":"closed","template":"","meta":[],"product_cat":[50,58],"product_tag":[32,62,51,63,64,59,61,60],"class_list":["post-795","product","type-product","status-publish","has-post-thumbnail","hentry","product_cat-abstract","product_cat-becoming","product_tag-abstract","product_tag-acrylic","product_tag-art","product_tag-art-therapy","product_tag-artist","product_tag-contemporary-art","product_tag-interior-design","product_tag-modern-art"],"yoast_head":"<!-- This site is optimized with the Yoast SEO plugin v21.2 - https:\/\/yoast.com\/wordpress\/plugins\/seo\/ -->\n<title>Passionate fantasy - ANTONINA SOFIA SOCIU<\/title>\n<meta name=\"robots\" content=\"index, follow, max-snippet:-1, max-image-preview:large, max-video-preview:-1\" \/>\n<link rel=\"canonical\" href=\"https:\/\/antoninasofia.com\/fr\/produit\/passionate-fantasy\/\" \/>\n<meta property=\"og:locale\" content=\"fr_FR\" \/>\n<meta property=\"og:type\" content=\"article\" \/>\n<meta property=\"og:title\" content=\"Passionate fantasy - ANTONINA SOFIA SOCIU\" \/>\n<meta property=\"og:description\" content=\"\u201cPassionate Fantasy&quot; is a painting that focuses on expressing passion and intense feelings through colors and non-representational elements, encouraging a wide range of interpretations and captivating stories in which passion becomes the driving force for creation and exploration.\" \/>\n<meta property=\"og:url\" content=\"https:\/\/antoninasofia.com\/fr\/produit\/passionate-fantasy\/\" \/>\n<meta property=\"og:site_name\" content=\"ANTONINA SOFIA SOCIU\" \/>\n<meta property=\"article:modified_time\" content=\"2025-03-17T12:47:12+00:00\" \/>\n<meta property=\"og:image\" content=\"https:\/\/antoninasofia.com\/wp-content\/uploads\/2023\/09\/passionate-fantasy-5.jpg\" \/>\n\t<meta property=\"og:image:width\" content=\"865\" \/>\n\t<meta property=\"og:image:height\" content=\"1000\" \/>\n\t<meta property=\"og:image:type\" content=\"image\/jpeg\" \/>\n<meta name=\"twitter:card\" content=\"summary_large_image\" \/>\n<meta name=\"twitter:label1\" content=\"Dur\u00e9e de lecture estim\u00e9e\" \/>\n\t<meta name=\"twitter:data1\" content=\"1 minute\" \/>\n<script type=\"application\/ld+json\" class=\"yoast-schema-graph\">{\"@context\":\"https:\/\/schema.org\",\"@graph\":[{\"@type\":\"WebPage\",\"@id\":\"https:\/\/antoninasofia.com\/product\/passionate-fantasy\/\",\"url\":\"https:\/\/antoninasofia.com\/product\/passionate-fantasy\/\",\"name\":\"Passionate fantasy - ANTONINA SOFIA SOCIU\",\"isPartOf\":{\"@id\":\"https:\/\/antoninasofia.com\/#website\"},\"datePublished\":\"2023-09-06T10:12:54+00:00\",\"dateModified\":\"2025-03-17T12:47:12+00:00\",\"breadcrumb\":{\"@id\":\"https:\/\/antoninasofia.com\/product\/passionate-fantasy\/#breadcrumb\"},\"inLanguage\":\"fr-FR\",\"potentialAction\":[{\"@type\":\"ReadAction\",\"target\":[\"https:\/\/antoninasofia.com\/product\/passionate-fantasy\/\"]}]},{\"@type\":\"BreadcrumbList\",\"@id\":\"https:\/\/antoninasofia.com\/product\/passionate-fantasy\/#breadcrumb\",\"itemListElement\":[{\"@type\":\"ListItem\",\"position\":1,\"name\":\"Home\",\"item\":\"https:\/\/antoninasofia.com\/\"},{\"@type\":\"ListItem\",\"position\":2,\"name\":\"Shop\",\"item\":\"https:\/\/antoninasofia.com\/shop\/\"},{\"@type\":\"ListItem\",\"position\":3,\"name\":\"Passionate fantasy\"}]},{\"@type\":\"WebSite\",\"@id\":\"https:\/\/antoninasofia.com\/#website\",\"url\":\"https:\/\/antoninasofia.com\/\",\"name\":\"ANTONINA SOFIA SOCIU\",\"description\":\"Abstract Artist\",\"potentialAction\":[{\"@type\":\"SearchAction\",\"target\":{\"@type\":\"EntryPoint\",\"urlTemplate\":\"https:\/\/antoninasofia.com\/?s={search_term_string}\"},\"query-input\":\"required name=search_term_string\"}],\"inLanguage\":\"fr-FR\"}]}<\/script>\n<!-- \/ Yoast SEO plugin. -->","yoast_head_json":{"title":"Passionate fantasy - ANTONINA SOFIA SOCIU","robots":{"index":"index","follow":"follow","max-snippet":"max-snippet:-1","max-image-preview":"max-image-preview:large","max-video-preview":"max-video-preview:-1"},"canonical":"https:\/\/antoninasofia.com\/fr\/produit\/passionate-fantasy\/","og_locale":"fr_FR","og_type":"article","og_title":"Passionate fantasy - ANTONINA SOFIA SOCIU","og_description":"\u201cPassionate Fantasy\" is a painting that focuses on expressing passion and intense feelings through colors and non-representational elements, encouraging a wide range of interpretations and captivating stories in which passion becomes the driving force for creation and exploration.","og_url":"https:\/\/antoninasofia.com\/fr\/produit\/passionate-fantasy\/","og_site_name":"ANTONINA SOFIA SOCIU","article_modified_time":"2025-03-17T12:47:12+00:00","og_image":[{"width":865,"height":1000,"url":"https:\/\/antoninasofia.com\/wp-content\/uploads\/2023\/09\/passionate-fantasy-5.jpg","type":"image\/jpeg"}],"twitter_card":"summary_large_image","twitter_misc":{"Dur\u00e9e de lecture estim\u00e9e":"1 minute"},"schema":{"@context":"https:\/\/schema.org","@graph":[{"@type":"WebPage","@id":"https:\/\/antoninasofia.com\/product\/passionate-fantasy\/","url":"https:\/\/antoninasofia.com\/product\/passionate-fantasy\/","name":"Passionate fantasy - ANTONINA SOFIA SOCIU","isPartOf":{"@id":"https:\/\/antoninasofia.com\/#website"},"datePublished":"2023-09-06T10:12:54+00:00","dateModified":"2025-03-17T12:47:12+00:00","breadcrumb":{"@id":"https:\/\/antoninasofia.com\/product\/passionate-fantasy\/#breadcrumb"},"inLanguage":"fr-FR","potentialAction":[{"@type":"ReadAction","target":["https:\/\/antoninasofia.com\/product\/passionate-fantasy\/"]}]},{"@type":"BreadcrumbList","@id":"https:\/\/antoninasofia.com\/product\/passionate-fantasy\/#breadcrumb","itemListElement":[{"@type":"ListItem","position":1,"name":"Home","item":"https:\/\/antoninasofia.com\/"},{"@type":"ListItem","position":2,"name":"Shop","item":"https:\/\/antoninasofia.com\/shop\/"},{"@type":"ListItem","position":3,"name":"Passionate fantasy"}]},{"@type":"WebSite","@id":"https:\/\/antoninasofia.com\/#website","url":"https:\/\/antoninasofia.com\/","name":"ANTONINA SOFIA SOCIU","description":"Abstract Artist","potentialAction":[{"@type":"SearchAction","target":{"@type":"EntryPoint","urlTemplate":"https:\/\/antoninasofia.com\/?s={search_term_string}"},"query-input":"required name=search_term_string"}],"inLanguage":"fr-FR"}]}},"_links":{"self":[{"href":"https:\/\/antoninasofia.com\/fr\/wp-json\/wp\/v2\/product\/795","targetHints":{"allow":["GET"]}}],"collection":[{"href":"https:\/\/antoninasofia.com\/fr\/wp-json\/wp\/v2\/product"}],"about":[{"href":"https:\/\/antoninasofia.com\/fr\/wp-json\/wp\/v2\/types\/product"}],"replies":[{"embeddable":true,"href":"https:\/\/antoninasofia.com\/fr\/wp-json\/wp\/v2\/comments?post=795"}],"wp:featuredmedia":[{"embeddable":true,"href":"https:\/\/antoninasofia.com\/fr\/wp-json\/wp\/v2\/media\/992"}],"wp:attachment":[{"href":"https:\/\/antoninasofia.com\/fr\/wp-json\/wp\/v2\/media?parent=795"}],"wp:term":[{"taxonomy":"product_cat","embeddable":true,"href":"https:\/\/antoninasofia.com\/fr\/wp-json\/wp\/v2\/product_cat?post=795"},{"taxonomy":"product_tag","embeddable":true,"href":"https:\/\/antoninasofia.com\/fr\/wp-json\/wp\/v2\/product_tag?post=795"}],"curies":[{"name":"wp","href":"https:\/\/api.w.org\/{rel}","templated":true}]}}