{"id":578,"date":"2016-07-26T12:56:07","date_gmt":"2016-07-26T12:56:07","guid":{"rendered":"http:\/\/artday-wp.wossthemes.com\/artday-xml\/?post_type=product&#038;p=578"},"modified":"2023-09-15T07:13:58","modified_gmt":"2023-09-15T07:13:58","slug":"monologue","status":"publish","type":"product","link":"https:\/\/antoninasofia.com\/fr\/produit\/monologue\/","title":{"rendered":"Monologue"},"content":{"rendered":"<p>\"Monologue\", peint par Antonina Sofia Sociu. Cette peinture est une \u0153uvre unique, originale et fait partie de la s\u00e9rie abstraite de l'artiste intitul\u00e9e \"Devenir\".<\/p>\n<p><a href=\"https:\/\/antoninasofia.com\/fr\/2023\/09\/06\/expressions-reflections-and-attitudes-in-the-creation-of-artist-antonina-sofia-sociu\/\" target=\"_blank\" rel=\"noopener\">\"L'artiste visuelle qui m\u00e9dite profond\u00e9ment sur ses propres id\u00e9es et concepts, articule de mani\u00e8re \u00e9loquente sa vision sur les sujets choisis, fusionnant harmonieusement le rationnel avec l'essence des \u00e9v\u00e9nements marquants de sa vie. \u00c0 partir de l\u00e0, elle avoue les \u00e9motions de ces exp\u00e9riences intenses \u00e0 travers ses cr\u00e9ations, allant de la joie de red\u00e9couvrir la beaut\u00e9 qui nous entoure au drame des moments douloureux qui ont marqu\u00e9 son existence.\"<\/a><\/p>\n<p>Il est important de noter que l'art abstrait peut \u00eatre interpr\u00e9t\u00e9 diff\u00e9remment par chaque spectateur, et ce qu'il repr\u00e9sente peut varier en fonction de la perspective et de l'exp\u00e9rience de chacun.<\/p>","protected":false},"excerpt":{"rendered":"<p>La peinture \"Monologue\" peut \u00eatre interpr\u00e9t\u00e9e comme une repr\u00e9sentation symbolique de l'introspection, o\u00f9 l'\u00e2me s'engage dans un dialogue profond avec elle-m\u00eame, cherchant \u00e0 d\u00e9couvrir des v\u00e9rit\u00e9s et des significations personnelles.<\/p>\n<p>Gr\u00e2ce \u00e0 la composition abstraite et \u00e0 l'utilisation de tons de noir et blanc, \"Monologue\" \u00e9voque un sentiment d'intimit\u00e9 et de d\u00e9couverte de soi.<\/p>","protected":false},"featured_media":1005,"comment_status":"open","ping_status":"closed","template":"","meta":[],"product_cat":[50,58],"product_tag":[32,62,51,63,64,59,61,60],"class_list":["post-578","product","type-product","status-publish","has-post-thumbnail","hentry","product_cat-abstract","product_cat-becoming","product_tag-abstract","product_tag-acrylic","product_tag-art","product_tag-art-therapy","product_tag-artist","product_tag-contemporary-art","product_tag-interior-design","product_tag-modern-art"],"yoast_head":"<!-- This site is optimized with the Yoast SEO plugin v21.2 - https:\/\/yoast.com\/wordpress\/plugins\/seo\/ -->\n<title>Monologue - ANTONINA SOFIA SOCIU<\/title>\n<meta name=\"robots\" content=\"index, follow, max-snippet:-1, max-image-preview:large, max-video-preview:-1\" \/>\n<link rel=\"canonical\" href=\"https:\/\/antoninasofia.com\/fr\/produit\/monologue\/\" \/>\n<meta property=\"og:locale\" content=\"fr_FR\" \/>\n<meta property=\"og:type\" content=\"article\" \/>\n<meta property=\"og:title\" content=\"Monologue - ANTONINA SOFIA SOCIU\" \/>\n<meta property=\"og:description\" content=\"&quot;Monologue&quot; can be interpreted as a symbolic representation of introspection, where the soul engages in a deep dialogue with itself, seeking to discover personal truths and meanings.  Through the abstract composition and the use of black and white tones, &quot;Monologue&quot; invokes a sense of intimacy and self-discovery.\" \/>\n<meta property=\"og:url\" content=\"https:\/\/antoninasofia.com\/fr\/produit\/monologue\/\" \/>\n<meta property=\"og:site_name\" content=\"ANTONINA SOFIA SOCIU\" \/>\n<meta property=\"article:modified_time\" content=\"2023-09-15T07:13:58+00:00\" \/>\n<meta property=\"og:image\" content=\"https:\/\/antoninasofia.com\/wp-content\/uploads\/2023\/09\/monolog-1.jpg\" \/>\n\t<meta property=\"og:image:width\" content=\"1770\" \/>\n\t<meta property=\"og:image:height\" content=\"2000\" \/>\n\t<meta property=\"og:image:type\" content=\"image\/jpeg\" \/>\n<meta name=\"twitter:card\" content=\"summary_large_image\" \/>\n<meta name=\"twitter:label1\" content=\"Dur\u00e9e de lecture estim\u00e9e\" \/>\n\t<meta name=\"twitter:data1\" content=\"1 minute\" \/>\n<script type=\"application\/ld+json\" class=\"yoast-schema-graph\">{\"@context\":\"https:\/\/schema.org\",\"@graph\":[{\"@type\":\"WebPage\",\"@id\":\"https:\/\/antoninasofia.com\/product\/monologue\/\",\"url\":\"https:\/\/antoninasofia.com\/product\/monologue\/\",\"name\":\"Monologue - ANTONINA SOFIA SOCIU\",\"isPartOf\":{\"@id\":\"https:\/\/antoninasofia.com\/#website\"},\"datePublished\":\"2016-07-26T12:56:07+00:00\",\"dateModified\":\"2023-09-15T07:13:58+00:00\",\"breadcrumb\":{\"@id\":\"https:\/\/antoninasofia.com\/product\/monologue\/#breadcrumb\"},\"inLanguage\":\"fr-FR\",\"potentialAction\":[{\"@type\":\"ReadAction\",\"target\":[\"https:\/\/antoninasofia.com\/product\/monologue\/\"]}]},{\"@type\":\"BreadcrumbList\",\"@id\":\"https:\/\/antoninasofia.com\/product\/monologue\/#breadcrumb\",\"itemListElement\":[{\"@type\":\"ListItem\",\"position\":1,\"name\":\"Home\",\"item\":\"https:\/\/antoninasofia.com\/\"},{\"@type\":\"ListItem\",\"position\":2,\"name\":\"Shop\",\"item\":\"https:\/\/antoninasofia.com\/shop\/\"},{\"@type\":\"ListItem\",\"position\":3,\"name\":\"Monologue\"}]},{\"@type\":\"WebSite\",\"@id\":\"https:\/\/antoninasofia.com\/#website\",\"url\":\"https:\/\/antoninasofia.com\/\",\"name\":\"ANTONINA SOFIA SOCIU\",\"description\":\"Abstract Artist\",\"potentialAction\":[{\"@type\":\"SearchAction\",\"target\":{\"@type\":\"EntryPoint\",\"urlTemplate\":\"https:\/\/antoninasofia.com\/?s={search_term_string}\"},\"query-input\":\"required name=search_term_string\"}],\"inLanguage\":\"fr-FR\"}]}<\/script>\n<!-- \/ Yoast SEO plugin. -->","yoast_head_json":{"title":"Monologue - ANTONINA SOFIA SOCIU","robots":{"index":"index","follow":"follow","max-snippet":"max-snippet:-1","max-image-preview":"max-image-preview:large","max-video-preview":"max-video-preview:-1"},"canonical":"https:\/\/antoninasofia.com\/fr\/produit\/monologue\/","og_locale":"fr_FR","og_type":"article","og_title":"Monologue - ANTONINA SOFIA SOCIU","og_description":"\"Monologue\" can be interpreted as a symbolic representation of introspection, where the soul engages in a deep dialogue with itself, seeking to discover personal truths and meanings.  Through the abstract composition and the use of black and white tones, \"Monologue\" invokes a sense of intimacy and self-discovery.","og_url":"https:\/\/antoninasofia.com\/fr\/produit\/monologue\/","og_site_name":"ANTONINA SOFIA SOCIU","article_modified_time":"2023-09-15T07:13:58+00:00","og_image":[{"width":1770,"height":2000,"url":"https:\/\/antoninasofia.com\/wp-content\/uploads\/2023\/09\/monolog-1.jpg","type":"image\/jpeg"}],"twitter_card":"summary_large_image","twitter_misc":{"Dur\u00e9e de lecture estim\u00e9e":"1 minute"},"schema":{"@context":"https:\/\/schema.org","@graph":[{"@type":"WebPage","@id":"https:\/\/antoninasofia.com\/product\/monologue\/","url":"https:\/\/antoninasofia.com\/product\/monologue\/","name":"Monologue - ANTONINA SOFIA SOCIU","isPartOf":{"@id":"https:\/\/antoninasofia.com\/#website"},"datePublished":"2016-07-26T12:56:07+00:00","dateModified":"2023-09-15T07:13:58+00:00","breadcrumb":{"@id":"https:\/\/antoninasofia.com\/product\/monologue\/#breadcrumb"},"inLanguage":"fr-FR","potentialAction":[{"@type":"ReadAction","target":["https:\/\/antoninasofia.com\/product\/monologue\/"]}]},{"@type":"BreadcrumbList","@id":"https:\/\/antoninasofia.com\/product\/monologue\/#breadcrumb","itemListElement":[{"@type":"ListItem","position":1,"name":"Home","item":"https:\/\/antoninasofia.com\/"},{"@type":"ListItem","position":2,"name":"Shop","item":"https:\/\/antoninasofia.com\/shop\/"},{"@type":"ListItem","position":3,"name":"Monologue"}]},{"@type":"WebSite","@id":"https:\/\/antoninasofia.com\/#website","url":"https:\/\/antoninasofia.com\/","name":"ANTONINA SOFIA SOCIU","description":"Abstract Artist","potentialAction":[{"@type":"SearchAction","target":{"@type":"EntryPoint","urlTemplate":"https:\/\/antoninasofia.com\/?s={search_term_string}"},"query-input":"required name=search_term_string"}],"inLanguage":"fr-FR"}]}},"_links":{"self":[{"href":"https:\/\/antoninasofia.com\/fr\/wp-json\/wp\/v2\/product\/578","targetHints":{"allow":["GET"]}}],"collection":[{"href":"https:\/\/antoninasofia.com\/fr\/wp-json\/wp\/v2\/product"}],"about":[{"href":"https:\/\/antoninasofia.com\/fr\/wp-json\/wp\/v2\/types\/product"}],"replies":[{"embeddable":true,"href":"https:\/\/antoninasofia.com\/fr\/wp-json\/wp\/v2\/comments?post=578"}],"wp:featuredmedia":[{"embeddable":true,"href":"https:\/\/antoninasofia.com\/fr\/wp-json\/wp\/v2\/media\/1005"}],"wp:attachment":[{"href":"https:\/\/antoninasofia.com\/fr\/wp-json\/wp\/v2\/media?parent=578"}],"wp:term":[{"taxonomy":"product_cat","embeddable":true,"href":"https:\/\/antoninasofia.com\/fr\/wp-json\/wp\/v2\/product_cat?post=578"},{"taxonomy":"product_tag","embeddable":true,"href":"https:\/\/antoninasofia.com\/fr\/wp-json\/wp\/v2\/product_tag?post=578"}],"curies":[{"name":"wp","href":"https:\/\/api.w.org\/{rel}","templated":true}]}}