{"id":672,"date":"2023-08-30T13:39:30","date_gmt":"2023-08-30T13:39:30","guid":{"rendered":"https:\/\/antoninasofia.com\/?page_id=672"},"modified":"2023-09-15T12:14:14","modified_gmt":"2023-09-15T12:14:14","slug":"about-the-artist","status":"publish","type":"page","link":"https:\/\/antoninasofia.com\/fr\/about-the-artist\/","title":{"rendered":"A propos de l'artiste"},"content":{"rendered":"<section class=\"wpb-content-wrapper\"><div class=\"vc_row wpb_row vc_row-fluid vc_custom_1694531091491 vc_row-o-equal-height vc_row-flex\"><div class=\"wpb_column vc_column_container vc_col-sm-6\"><div class=\"vc_column-inner\"><div class=\"wpb_wrapper\">\n\t<div  class=\"wpb_single_image wpb_content_element vc_align_center\">\n\t\t\n\t\t<figure class=\"wpb_wrapper vc_figure\">\n\t\t\t<div class=\"vc_single_image-wrapper   vc_box_border_grey\"><img loading=\"lazy\" decoding=\"async\" width=\"1333\" height=\"2000\" src=\"https:\/\/antoninasofia.com\/wp-content\/uploads\/2023\/09\/Artist-franceza.png\" class=\"vc_single_image-img attachment-full\" alt=\"\" title=\"Artist - engleza\" srcset=\"https:\/\/antoninasofia.com\/wp-content\/uploads\/2023\/09\/Artist-franceza.png 1333w, https:\/\/antoninasofia.com\/wp-content\/uploads\/2023\/09\/Artist-franceza-200x300.png 200w, https:\/\/antoninasofia.com\/wp-content\/uploads\/2023\/09\/Artist-franceza-682x1024.png 682w, https:\/\/antoninasofia.com\/wp-content\/uploads\/2023\/09\/Artist-franceza-768x1152.png 768w, https:\/\/antoninasofia.com\/wp-content\/uploads\/2023\/09\/Artist-franceza-1024x1536.png 1024w, https:\/\/antoninasofia.com\/wp-content\/uploads\/2023\/09\/Artist-franceza-8x12.png 8w, https:\/\/antoninasofia.com\/wp-content\/uploads\/2023\/09\/Artist-franceza-600x900.png 600w\" sizes=\"auto, (max-width: 1333px) 100vw, 1333px\" \/><\/div>\n\t\t<\/figure>\n\t<\/div>\n<div class=\"vc_empty_space\"   style=\"height: 30px\"><span class=\"vc_empty_space_inner\"><\/span><\/div><\/div><\/div><\/div><div class=\"wpb_column vc_column_container vc_col-sm-6\"><div class=\"vc_column-inner\"><div class=\"wpb_wrapper\">\n\t<div class=\"wpb_text_column wpb_content_element  smaller-txt\" >\n\t\t<div class=\"wpb_wrapper\">\n\t\t\t<p>&lt;&lt;&lt;  D\u00e9j\u00e0 en 1995, une premi\u00e8re peinture transpos\u00e9e sur toile fut la preuve initiale de ma br\u00fblure int\u00e9rieure, annonciatrice de la passion qui m&#039;accompagnera tout au long de ma vie. M\u00eame si, tout en cherchant une s\u00e9curit\u00e9 illusoire, j&#039;ai choisi une voie professionnelle dans un domaine plut\u00f4t pragmatique, ma fascination pour l&#039;art n&#039;a jamais cess\u00e9 de me ronger int\u00e9rieurement, de me s\u00e9duire et de m&#039;inspirer.<\/p>\n<p>Mais la vie n'est pas que du plaisir, une seule vague ayant eu le pouvoir de me mettre \u00e0 genoux en 2012, lorsque le drame de la mort de mon mari a fig\u00e9 le temps, soulignant la fragilit\u00e9 de l'existence. Ainsi, l\u2019\u00e2me fragment\u00e9e, j'ai commenc\u00e9 \u00e0 \u00e9crire. Des po\u00e8mes, des pens\u00e9es et des \u00e9motions \u00e9tal\u00e9s sur le papier. Et ensuite, j'ai traduit la voix de mes propres sentiments et \u00e9motions en passion et en couches de couleur.<\/p>\n<p>Quelque f\u00fbt le chemin que j\u2019ai parcouru dans ma vie, ma passion pour l'art est toujours rest\u00e9e pr\u00e9sente, vitale, un fil rouge dans le tissu de mon existence. En tant qu'artiste intuitif et autodidacte, mon essence r\u00e9side dans la libre expression de la cr\u00e9ation, la peinture \u00e9tant le langage \u00e0 travers lequel je peux exprimer mes \u00e9motions, mes pens\u00e9es et mes exp\u00e9riences int\u00e9rieures, ce qui repr\u00e9sente un processus de reconstruction personnelle et de lib\u00e9ration des normes sociales.<\/p>\n<p><strong>Bien que la vuln\u00e9rabilit\u00e9 ne soit pas confortable, je suis toujours en train d\u2019apprendre qu'elle n'est pas non plus un signe de faiblesse, mais de courage et d'authenticit\u00e9, ainsi qu'une source in\u00e9puisable de lib\u00e9ration et d'amour de soi ! <\/strong><\/p>\n<p>Chaque toile que je touche et habille de couleur est un voyage transformateur, un manifeste de la beaut\u00e9 et de la complexit\u00e9 des \u00e9motions humaines. J'aime exp\u00e9rimenter et combiner diff\u00e9rentes techniques et mat\u00e9riaux pour donner vie \u00e0 des compositions personnelles.<\/p>\n<p>Je crois fermement que chacun de nous a un potentiel inexplor\u00e9 et que, ind\u00e9pendamment de l'\u00e2ge, de l'exp\u00e9rience ou du talent artistique, nous pouvons d\u00e9couvrir et valoriser notre propre potentiel cr\u00e9atif.  &gt;&gt;&gt;<\/p>\n<p style=\"text-align: right;\">ANTONINA SOFIA SOCIU<\/p>\n\n\t\t<\/div>\n\t<\/div>\n<div class=\"vc_empty_space\"   style=\"height: 30px\"><span class=\"vc_empty_space_inner\"><\/span><\/div><\/div><\/div><\/div><\/div><div class=\"vc_row wpb_row vc_row-fluid\"><div class=\"wpb_column vc_column_container vc_col-sm-6\"><div class=\"vc_column-inner\"><div class=\"wpb_wrapper\">\n\t<div  class=\"wpb_single_image wpb_content_element vc_align_center\">\n\t\t\n\t\t<figure class=\"wpb_wrapper vc_figure\">\n\t\t\t<div class=\"vc_single_image-wrapper   vc_box_border_grey\"><img loading=\"lazy\" decoding=\"async\" width=\"1333\" height=\"2000\" src=\"https:\/\/antoninasofia.com\/wp-content\/uploads\/2023\/09\/Acceptare-franceza.png\" class=\"vc_single_image-img attachment-full\" alt=\"\" title=\"Acceptare - engleza\" srcset=\"https:\/\/antoninasofia.com\/wp-content\/uploads\/2023\/09\/Acceptare-franceza.png 1333w, https:\/\/antoninasofia.com\/wp-content\/uploads\/2023\/09\/Acceptare-franceza-200x300.png 200w, https:\/\/antoninasofia.com\/wp-content\/uploads\/2023\/09\/Acceptare-franceza-682x1024.png 682w, https:\/\/antoninasofia.com\/wp-content\/uploads\/2023\/09\/Acceptare-franceza-768x1152.png 768w, https:\/\/antoninasofia.com\/wp-content\/uploads\/2023\/09\/Acceptare-franceza-1024x1536.png 1024w, https:\/\/antoninasofia.com\/wp-content\/uploads\/2023\/09\/Acceptare-franceza-8x12.png 8w, https:\/\/antoninasofia.com\/wp-content\/uploads\/2023\/09\/Acceptare-franceza-600x900.png 600w\" sizes=\"auto, (max-width: 1333px) 100vw, 1333px\" \/><\/div>\n\t\t<\/figure>\n\t<\/div>\n<div class=\"vc_empty_space\"   style=\"height: 30px\"><span class=\"vc_empty_space_inner\"><\/span><\/div><\/div><\/div><\/div><div class=\"wpb_column vc_column_container vc_col-sm-6\"><div class=\"vc_column-inner\"><div class=\"wpb_wrapper\">\n\t<div  class=\"wpb_single_image wpb_content_element vc_align_center\">\n\t\t\n\t\t<figure class=\"wpb_wrapper vc_figure\">\n\t\t\t<div class=\"vc_single_image-wrapper   vc_box_border_grey\"><img loading=\"lazy\" decoding=\"async\" width=\"1333\" height=\"2000\" src=\"https:\/\/antoninasofia.com\/wp-content\/uploads\/2023\/09\/Renascut-in-abis-franceza.png\" class=\"vc_single_image-img attachment-full\" alt=\"\" title=\"Renascut in abis - engleza\" srcset=\"https:\/\/antoninasofia.com\/wp-content\/uploads\/2023\/09\/Renascut-in-abis-franceza.png 1333w, https:\/\/antoninasofia.com\/wp-content\/uploads\/2023\/09\/Renascut-in-abis-franceza-200x300.png 200w, https:\/\/antoninasofia.com\/wp-content\/uploads\/2023\/09\/Renascut-in-abis-franceza-682x1024.png 682w, https:\/\/antoninasofia.com\/wp-content\/uploads\/2023\/09\/Renascut-in-abis-franceza-768x1152.png 768w, https:\/\/antoninasofia.com\/wp-content\/uploads\/2023\/09\/Renascut-in-abis-franceza-1024x1536.png 1024w, https:\/\/antoninasofia.com\/wp-content\/uploads\/2023\/09\/Renascut-in-abis-franceza-8x12.png 8w, https:\/\/antoninasofia.com\/wp-content\/uploads\/2023\/09\/Renascut-in-abis-franceza-600x900.png 600w\" sizes=\"auto, (max-width: 1333px) 100vw, 1333px\" \/><\/div>\n\t\t<\/figure>\n\t<\/div>\n<div class=\"vc_empty_space\"   style=\"height: 30px\"><span class=\"vc_empty_space_inner\"><\/span><\/div><\/div><\/div><\/div><\/div>\n<\/section>","protected":false},"excerpt":{"rendered":"&lt;&lt;&lt;\u00a0 As early as 1995, a first painting transposed on canvas was the initial proof of my inner flame, an omen for the passion that would accompany me throughout my life. Even though I have taken a professional path in a more pragmatic field, in search of illusory security, my fascination for art has never [...]","protected":false},"author":1,"featured_media":0,"parent":0,"menu_order":0,"comment_status":"closed","ping_status":"closed","template":"template-page.php","meta":{"footnotes":""},"class_list":["post-672","page","type-page","status-publish","hentry"],"yoast_head":"<!-- This site is optimized with the Yoast SEO plugin v21.2 - https:\/\/yoast.com\/wordpress\/plugins\/seo\/ -->\n<title>About the artist - ANTONINA SOFIA SOCIU<\/title>\n<meta name=\"robots\" content=\"index, follow, max-snippet:-1, max-image-preview:large, max-video-preview:-1\" \/>\n<link rel=\"canonical\" href=\"https:\/\/antoninasofia.com\/fr\/about-the-artist\/\" \/>\n<meta property=\"og:locale\" content=\"fr_FR\" \/>\n<meta property=\"og:type\" content=\"article\" \/>\n<meta property=\"og:title\" content=\"About the artist - ANTONINA SOFIA SOCIU\" \/>\n<meta property=\"og:url\" content=\"https:\/\/antoninasofia.com\/fr\/about-the-artist\/\" \/>\n<meta property=\"og:site_name\" content=\"ANTONINA SOFIA SOCIU\" \/>\n<meta property=\"article:modified_time\" content=\"2023-09-15T12:14:14+00:00\" \/>\n<meta property=\"og:image\" content=\"https:\/\/antoninasofia.com\/wp-content\/uploads\/2023\/09\/ANTONINA-SOFIA-SOCIU-Abstract-Artist.png\" \/>\n\t<meta property=\"og:image:width\" content=\"1200\" \/>\n\t<meta property=\"og:image:height\" content=\"675\" \/>\n\t<meta property=\"og:image:type\" content=\"image\/png\" \/>\n<meta name=\"twitter:card\" content=\"summary_large_image\" \/>\n<meta name=\"twitter:label1\" content=\"Dur\u00e9e de lecture estim\u00e9e\" \/>\n\t<meta name=\"twitter:data1\" content=\"2 minutes\" \/>\n<script type=\"application\/ld+json\" class=\"yoast-schema-graph\">{\"@context\":\"https:\/\/schema.org\",\"@graph\":[{\"@type\":\"WebPage\",\"@id\":\"https:\/\/antoninasofia.com\/about-the-artist\/\",\"url\":\"https:\/\/antoninasofia.com\/about-the-artist\/\",\"name\":\"About the artist - ANTONINA SOFIA SOCIU\",\"isPartOf\":{\"@id\":\"https:\/\/antoninasofia.com\/#website\"},\"datePublished\":\"2023-08-30T13:39:30+00:00\",\"dateModified\":\"2023-09-15T12:14:14+00:00\",\"breadcrumb\":{\"@id\":\"https:\/\/antoninasofia.com\/about-the-artist\/#breadcrumb\"},\"inLanguage\":\"fr-FR\",\"potentialAction\":[{\"@type\":\"ReadAction\",\"target\":[\"https:\/\/antoninasofia.com\/about-the-artist\/\"]}]},{\"@type\":\"BreadcrumbList\",\"@id\":\"https:\/\/antoninasofia.com\/about-the-artist\/#breadcrumb\",\"itemListElement\":[{\"@type\":\"ListItem\",\"position\":1,\"name\":\"Home\",\"item\":\"https:\/\/antoninasofia.com\/\"},{\"@type\":\"ListItem\",\"position\":2,\"name\":\"About the artist\"}]},{\"@type\":\"WebSite\",\"@id\":\"https:\/\/antoninasofia.com\/#website\",\"url\":\"https:\/\/antoninasofia.com\/\",\"name\":\"ANTONINA SOFIA SOCIU\",\"description\":\"Abstract Artist\",\"potentialAction\":[{\"@type\":\"SearchAction\",\"target\":{\"@type\":\"EntryPoint\",\"urlTemplate\":\"https:\/\/antoninasofia.com\/?s={search_term_string}\"},\"query-input\":\"required name=search_term_string\"}],\"inLanguage\":\"fr-FR\"}]}<\/script>\n<!-- \/ Yoast SEO plugin. -->","yoast_head_json":{"title":"About the artist - ANTONINA SOFIA SOCIU","robots":{"index":"index","follow":"follow","max-snippet":"max-snippet:-1","max-image-preview":"max-image-preview:large","max-video-preview":"max-video-preview:-1"},"canonical":"https:\/\/antoninasofia.com\/fr\/about-the-artist\/","og_locale":"fr_FR","og_type":"article","og_title":"About the artist - ANTONINA SOFIA SOCIU","og_url":"https:\/\/antoninasofia.com\/fr\/about-the-artist\/","og_site_name":"ANTONINA SOFIA SOCIU","article_modified_time":"2023-09-15T12:14:14+00:00","og_image":[{"width":1200,"height":675,"url":"https:\/\/antoninasofia.com\/wp-content\/uploads\/2023\/09\/ANTONINA-SOFIA-SOCIU-Abstract-Artist.png","type":"image\/png"}],"twitter_card":"summary_large_image","twitter_misc":{"Dur\u00e9e de lecture estim\u00e9e":"2 minutes"},"schema":{"@context":"https:\/\/schema.org","@graph":[{"@type":"WebPage","@id":"https:\/\/antoninasofia.com\/about-the-artist\/","url":"https:\/\/antoninasofia.com\/about-the-artist\/","name":"About the artist - ANTONINA SOFIA SOCIU","isPartOf":{"@id":"https:\/\/antoninasofia.com\/#website"},"datePublished":"2023-08-30T13:39:30+00:00","dateModified":"2023-09-15T12:14:14+00:00","breadcrumb":{"@id":"https:\/\/antoninasofia.com\/about-the-artist\/#breadcrumb"},"inLanguage":"fr-FR","potentialAction":[{"@type":"ReadAction","target":["https:\/\/antoninasofia.com\/about-the-artist\/"]}]},{"@type":"BreadcrumbList","@id":"https:\/\/antoninasofia.com\/about-the-artist\/#breadcrumb","itemListElement":[{"@type":"ListItem","position":1,"name":"Home","item":"https:\/\/antoninasofia.com\/"},{"@type":"ListItem","position":2,"name":"About the artist"}]},{"@type":"WebSite","@id":"https:\/\/antoninasofia.com\/#website","url":"https:\/\/antoninasofia.com\/","name":"ANTONINA SOFIA SOCIU","description":"Abstract Artist","potentialAction":[{"@type":"SearchAction","target":{"@type":"EntryPoint","urlTemplate":"https:\/\/antoninasofia.com\/?s={search_term_string}"},"query-input":"required name=search_term_string"}],"inLanguage":"fr-FR"}]}},"_links":{"self":[{"href":"https:\/\/antoninasofia.com\/fr\/wp-json\/wp\/v2\/pages\/672","targetHints":{"allow":["GET"]}}],"collection":[{"href":"https:\/\/antoninasofia.com\/fr\/wp-json\/wp\/v2\/pages"}],"about":[{"href":"https:\/\/antoninasofia.com\/fr\/wp-json\/wp\/v2\/types\/page"}],"author":[{"embeddable":true,"href":"https:\/\/antoninasofia.com\/fr\/wp-json\/wp\/v2\/users\/1"}],"replies":[{"embeddable":true,"href":"https:\/\/antoninasofia.com\/fr\/wp-json\/wp\/v2\/comments?post=672"}],"version-history":[{"count":15,"href":"https:\/\/antoninasofia.com\/fr\/wp-json\/wp\/v2\/pages\/672\/revisions"}],"predecessor-version":[{"id":981,"href":"https:\/\/antoninasofia.com\/fr\/wp-json\/wp\/v2\/pages\/672\/revisions\/981"}],"wp:attachment":[{"href":"https:\/\/antoninasofia.com\/fr\/wp-json\/wp\/v2\/media?parent=672"}],"curies":[{"name":"wp","href":"https:\/\/api.w.org\/{rel}","templated":true}]}}