{"id":796,"date":"2023-09-06T10:14:54","date_gmt":"2023-09-06T10:14:54","guid":{"rendered":"https:\/\/antoninasofia.com\/?post_type=product&#038;p=796"},"modified":"2026-02-03T10:57:05","modified_gmt":"2026-02-03T10:57:05","slug":"reborn-in-the-abiss","status":"publish","type":"product","link":"https:\/\/antoninasofia.com\/de\/produkt\/reborn-in-the-abiss\/","title":{"rendered":"Wiedergeboren im Abgrund"},"content":{"rendered":"<p>\u201cWiedergeboren im Abgrund\u201d, gemalt von Antonina Sofia Sociu. Dieses Gem\u00e4lde ist ein einzigartiges, originelles Werk und geh\u00f6rt zur abstrakten Serie der K\u00fcnstlerin mit dem Titel \"Werdung\".<\/p>\n<p><a href=\"https:\/\/antoninasofia.com\/de\/2023\/09\/06\/expressions-reflections-and-attitudes-in-the-creation-of-artist-antonina-sofia-sociu\/\" target=\"_blank\" rel=\"noopener\">\"Die bildende K\u00fcnstlerin, die tief in ihren eigenen Ideen und Konzepten meditiert, artikuliert ihre Vision zu ausgew\u00e4hlten Themen auf eloquente Weise, indem sie das rationale Denken harmonisch mit der Essenz bedeutsamer Ereignisse aus ihrem Leben verbindet. Von hier aus gesteht sie die Emotionen dieser intensiven Erfahrungen durch ihre Werke, die von der Freude der Wiederentdeckung der Sch\u00f6nheit um uns herum bis hin zum Drama schmerzhafter Momente reichen, die ihr Dasein gepr\u00e4gt haben.\"<\/a><\/p>\n<p>Es ist wichtig zu beachten, dass abstrakte Kunst von jedem Betrachter unterschiedlich interpretiert werden kann und was sie repr\u00e4sentiert, je nach Perspektive und Erfahrung jeder Person variieren kann.<\/p>","protected":false},"excerpt":{"rendered":"<p>\"Wiedergeboren im Abgrund\" kann als Ausdruck der menschlichen F\u00e4higkeit interpretiert werden, sich inmitten von Widrigkeiten und tiefgreifenden Ver\u00e4nderungen zu erheben und sich selbst neu zu entdecken, w\u00e4hrend es gleichzeitig als Einladung dient, das eigene Potenzial zur Transformation und Wiedergeburt zu erkunden, zu reflektieren und neu zu entdecken.<\/p>","protected":false},"featured_media":743,"comment_status":"open","ping_status":"closed","template":"","meta":[],"product_cat":[50,58],"product_tag":[32,62,51,63,64,59,61,60],"class_list":["post-796","product","type-product","status-publish","has-post-thumbnail","hentry","product_cat-abstract","product_cat-becoming","product_tag-abstract","product_tag-acrylic","product_tag-art","product_tag-art-therapy","product_tag-artist","product_tag-contemporary-art","product_tag-interior-design","product_tag-modern-art"],"yoast_head":"<!-- This site is optimized with the Yoast SEO plugin v21.2 - https:\/\/yoast.com\/wordpress\/plugins\/seo\/ -->\n<title>Reborn in the Abiss - ANTONINA SOFIA SOCIU<\/title>\n<meta name=\"robots\" content=\"index, follow, max-snippet:-1, max-image-preview:large, max-video-preview:-1\" \/>\n<link rel=\"canonical\" href=\"https:\/\/antoninasofia.com\/de\/produkt\/reborn-in-the-abiss\/\" \/>\n<meta property=\"og:locale\" content=\"de_DE\" \/>\n<meta property=\"og:type\" content=\"article\" \/>\n<meta property=\"og:title\" content=\"Reborn in the Abiss - ANTONINA SOFIA SOCIU\" \/>\n<meta property=\"og:description\" content=\"&quot;Reborn in the Abyss&quot; can be interpreted as an expression of the human capacity to rise and rediscover oneself amidst adversities and profound changes, while also serving as an invitation to explore, contemplate, and rediscover one&#039;s own potential for transformation and rebirth.\" \/>\n<meta property=\"og:url\" content=\"https:\/\/antoninasofia.com\/de\/produkt\/reborn-in-the-abiss\/\" \/>\n<meta property=\"og:site_name\" content=\"ANTONINA SOFIA SOCIU\" \/>\n<meta property=\"article:modified_time\" content=\"2026-02-03T10:57:05+00:00\" \/>\n<meta property=\"og:image\" content=\"https:\/\/antoninasofia.com\/wp-content\/uploads\/2023\/09\/reborn-in-the-abbis-11.jpg\" \/>\n\t<meta property=\"og:image:width\" content=\"1770\" \/>\n\t<meta property=\"og:image:height\" content=\"2000\" \/>\n\t<meta property=\"og:image:type\" content=\"image\/jpeg\" \/>\n<meta name=\"twitter:card\" content=\"summary_large_image\" \/>\n<meta name=\"twitter:label1\" content=\"Gesch\u00e4tzte Lesezeit\" \/>\n\t<meta name=\"twitter:data1\" content=\"1\u00a0Minute\" \/>\n<script type=\"application\/ld+json\" class=\"yoast-schema-graph\">{\"@context\":\"https:\/\/schema.org\",\"@graph\":[{\"@type\":\"WebPage\",\"@id\":\"https:\/\/antoninasofia.com\/product\/reborn-in-the-abiss\/\",\"url\":\"https:\/\/antoninasofia.com\/product\/reborn-in-the-abiss\/\",\"name\":\"Reborn in the Abiss - ANTONINA SOFIA SOCIU\",\"isPartOf\":{\"@id\":\"https:\/\/antoninasofia.com\/#website\"},\"datePublished\":\"2023-09-06T10:14:54+00:00\",\"dateModified\":\"2026-02-03T10:57:05+00:00\",\"breadcrumb\":{\"@id\":\"https:\/\/antoninasofia.com\/product\/reborn-in-the-abiss\/#breadcrumb\"},\"inLanguage\":\"de\",\"potentialAction\":[{\"@type\":\"ReadAction\",\"target\":[\"https:\/\/antoninasofia.com\/product\/reborn-in-the-abiss\/\"]}]},{\"@type\":\"BreadcrumbList\",\"@id\":\"https:\/\/antoninasofia.com\/product\/reborn-in-the-abiss\/#breadcrumb\",\"itemListElement\":[{\"@type\":\"ListItem\",\"position\":1,\"name\":\"Home\",\"item\":\"https:\/\/antoninasofia.com\/\"},{\"@type\":\"ListItem\",\"position\":2,\"name\":\"Shop\",\"item\":\"https:\/\/antoninasofia.com\/shop\/\"},{\"@type\":\"ListItem\",\"position\":3,\"name\":\"Reborn in the Abiss\"}]},{\"@type\":\"WebSite\",\"@id\":\"https:\/\/antoninasofia.com\/#website\",\"url\":\"https:\/\/antoninasofia.com\/\",\"name\":\"ANTONINA SOFIA SOCIU\",\"description\":\"Abstract Artist\",\"potentialAction\":[{\"@type\":\"SearchAction\",\"target\":{\"@type\":\"EntryPoint\",\"urlTemplate\":\"https:\/\/antoninasofia.com\/?s={search_term_string}\"},\"query-input\":\"required name=search_term_string\"}],\"inLanguage\":\"de\"}]}<\/script>\n<!-- \/ Yoast SEO plugin. -->","yoast_head_json":{"title":"Reborn in the Abiss - ANTONINA SOFIA SOCIU","robots":{"index":"index","follow":"follow","max-snippet":"max-snippet:-1","max-image-preview":"max-image-preview:large","max-video-preview":"max-video-preview:-1"},"canonical":"https:\/\/antoninasofia.com\/de\/produkt\/reborn-in-the-abiss\/","og_locale":"de_DE","og_type":"article","og_title":"Reborn in the Abiss - ANTONINA SOFIA SOCIU","og_description":"\"Reborn in the Abyss\" can be interpreted as an expression of the human capacity to rise and rediscover oneself amidst adversities and profound changes, while also serving as an invitation to explore, contemplate, and rediscover one's own potential for transformation and rebirth.","og_url":"https:\/\/antoninasofia.com\/de\/produkt\/reborn-in-the-abiss\/","og_site_name":"ANTONINA SOFIA SOCIU","article_modified_time":"2026-02-03T10:57:05+00:00","og_image":[{"width":1770,"height":2000,"url":"https:\/\/antoninasofia.com\/wp-content\/uploads\/2023\/09\/reborn-in-the-abbis-11.jpg","type":"image\/jpeg"}],"twitter_card":"summary_large_image","twitter_misc":{"Gesch\u00e4tzte Lesezeit":"1\u00a0Minute"},"schema":{"@context":"https:\/\/schema.org","@graph":[{"@type":"WebPage","@id":"https:\/\/antoninasofia.com\/product\/reborn-in-the-abiss\/","url":"https:\/\/antoninasofia.com\/product\/reborn-in-the-abiss\/","name":"Reborn in the Abiss - ANTONINA SOFIA SOCIU","isPartOf":{"@id":"https:\/\/antoninasofia.com\/#website"},"datePublished":"2023-09-06T10:14:54+00:00","dateModified":"2026-02-03T10:57:05+00:00","breadcrumb":{"@id":"https:\/\/antoninasofia.com\/product\/reborn-in-the-abiss\/#breadcrumb"},"inLanguage":"de","potentialAction":[{"@type":"ReadAction","target":["https:\/\/antoninasofia.com\/product\/reborn-in-the-abiss\/"]}]},{"@type":"BreadcrumbList","@id":"https:\/\/antoninasofia.com\/product\/reborn-in-the-abiss\/#breadcrumb","itemListElement":[{"@type":"ListItem","position":1,"name":"Home","item":"https:\/\/antoninasofia.com\/"},{"@type":"ListItem","position":2,"name":"Shop","item":"https:\/\/antoninasofia.com\/shop\/"},{"@type":"ListItem","position":3,"name":"Reborn in the Abiss"}]},{"@type":"WebSite","@id":"https:\/\/antoninasofia.com\/#website","url":"https:\/\/antoninasofia.com\/","name":"ANTONINA SOFIA SOCIU","description":"Abstract Artist","potentialAction":[{"@type":"SearchAction","target":{"@type":"EntryPoint","urlTemplate":"https:\/\/antoninasofia.com\/?s={search_term_string}"},"query-input":"required name=search_term_string"}],"inLanguage":"de"}]}},"_links":{"self":[{"href":"https:\/\/antoninasofia.com\/de\/wp-json\/wp\/v2\/product\/796","targetHints":{"allow":["GET"]}}],"collection":[{"href":"https:\/\/antoninasofia.com\/de\/wp-json\/wp\/v2\/product"}],"about":[{"href":"https:\/\/antoninasofia.com\/de\/wp-json\/wp\/v2\/types\/product"}],"replies":[{"embeddable":true,"href":"https:\/\/antoninasofia.com\/de\/wp-json\/wp\/v2\/comments?post=796"}],"wp:featuredmedia":[{"embeddable":true,"href":"https:\/\/antoninasofia.com\/de\/wp-json\/wp\/v2\/media\/743"}],"wp:attachment":[{"href":"https:\/\/antoninasofia.com\/de\/wp-json\/wp\/v2\/media?parent=796"}],"wp:term":[{"taxonomy":"product_cat","embeddable":true,"href":"https:\/\/antoninasofia.com\/de\/wp-json\/wp\/v2\/product_cat?post=796"},{"taxonomy":"product_tag","embeddable":true,"href":"https:\/\/antoninasofia.com\/de\/wp-json\/wp\/v2\/product_tag?post=796"}],"curies":[{"name":"wp","href":"https:\/\/api.w.org\/{rel}","templated":true}]}}