{"id":792,"date":"2023-09-06T10:06:29","date_gmt":"2023-09-06T10:06:29","guid":{"rendered":"https:\/\/antoninasofia.com\/?post_type=product&#038;p=792"},"modified":"2023-09-15T07:13:50","modified_gmt":"2023-09-15T07:13:50","slug":"echoes-of-passion","status":"publish","type":"product","link":"https:\/\/antoninasofia.com\/de\/produkt\/echoes-of-passion\/","title":{"rendered":"Echos der Leidenschaft"},"content":{"rendered":"<p>\u201cEchos der Leidenschaft\u201d, gemalt von Antonina Sofia Sociu. Dieses Gem\u00e4lde ist ein einzigartiges, originelles Werk und geh\u00f6rt zur abstrakten Serie der K\u00fcnstlerin mit dem Titel \"Werdung\".<\/p>\n<p><a href=\"https:\/\/antoninasofia.com\/de\/2023\/09\/06\/expressions-reflections-and-attitudes-in-the-creation-of-artist-antonina-sofia-sociu\/\" target=\"_blank\" rel=\"noopener\">\"Die bildende K\u00fcnstlerin, die tief in ihren eigenen Ideen und Konzepten meditiert, artikuliert ihre Vision zu ausgew\u00e4hlten Themen auf eloquente Weise, indem sie das rationale Denken harmonisch mit der Essenz bedeutsamer Ereignisse aus ihrem Leben verbindet. Von hier aus gesteht sie die Emotionen dieser intensiven Erfahrungen durch ihre Werke, die von der Freude der Wiederentdeckung der Sch\u00f6nheit um uns herum bis hin zum Drama schmerzhafter Momente reichen, die ihr Dasein gepr\u00e4gt haben.\"<\/a><\/p>\n<p>Es ist wichtig zu beachten, dass abstrakte Kunst von jedem Betrachter unterschiedlich interpretiert werden kann und was sie repr\u00e4sentiert, je nach Perspektive und Erfahrung jeder Person variieren kann.<\/p>","protected":false},"excerpt":{"rendered":"<p>Leidenschaft, Gleichgewicht, Geheimnis und Tiefe sind die Noten, die der K\u00fcnstler mit \u201cEchos der Leidenschaft\u201d hervorheben m\u00f6chte.<\/p>\n<p>Ein abstraktes Gem\u00e4lde wie \"Echos der Leidenschaft\" kann den Betrachter dazu inspirieren und herausfordern, seine eigenen Emotionen und Erfahrungen von Leidenschaft auf einzigartige und pers\u00f6nliche Weise zu interpretieren und zu sp\u00fcren.<\/p>","protected":false},"featured_media":983,"comment_status":"open","ping_status":"closed","template":"","meta":[],"product_cat":[50,58],"product_tag":[32,62,51,63,64,59,61,60],"class_list":["post-792","product","type-product","status-publish","has-post-thumbnail","hentry","product_cat-abstract","product_cat-becoming","product_tag-abstract","product_tag-acrylic","product_tag-art","product_tag-art-therapy","product_tag-artist","product_tag-contemporary-art","product_tag-interior-design","product_tag-modern-art"],"yoast_head":"<!-- This site is optimized with the Yoast SEO plugin v21.2 - https:\/\/yoast.com\/wordpress\/plugins\/seo\/ -->\n<title>Echoes of passion - ANTONINA SOFIA SOCIU<\/title>\n<meta name=\"robots\" content=\"index, follow, max-snippet:-1, max-image-preview:large, max-video-preview:-1\" \/>\n<link rel=\"canonical\" href=\"https:\/\/antoninasofia.com\/de\/produkt\/echoes-of-passion\/\" \/>\n<meta property=\"og:locale\" content=\"de_DE\" \/>\n<meta property=\"og:type\" content=\"article\" \/>\n<meta property=\"og:title\" content=\"Echoes of passion - ANTONINA SOFIA SOCIU\" \/>\n<meta property=\"og:description\" content=\"Ardour, balance, mystery and depth are the notes that the artist wants to enhance with \u201cEchoes of Passion\u201d.  An abstract painting like &quot;Echoes of Passion&quot; can inspire and challenge the viewer to interpret and feel their own emotions and experiences of passion in a unique and personal way.\" \/>\n<meta property=\"og:url\" content=\"https:\/\/antoninasofia.com\/de\/produkt\/echoes-of-passion\/\" \/>\n<meta property=\"og:site_name\" content=\"ANTONINA SOFIA SOCIU\" \/>\n<meta property=\"article:modified_time\" content=\"2023-09-15T07:13:50+00:00\" \/>\n<meta property=\"og:image\" content=\"https:\/\/antoninasofia.com\/wp-content\/uploads\/2023\/09\/echoes-of-passion-1.jpg\" \/>\n\t<meta property=\"og:image:width\" content=\"885\" \/>\n\t<meta property=\"og:image:height\" content=\"1000\" \/>\n\t<meta property=\"og:image:type\" content=\"image\/jpeg\" \/>\n<meta name=\"twitter:card\" content=\"summary_large_image\" \/>\n<meta name=\"twitter:label1\" content=\"Gesch\u00e4tzte Lesezeit\" \/>\n\t<meta name=\"twitter:data1\" content=\"1\u00a0Minute\" \/>\n<script type=\"application\/ld+json\" class=\"yoast-schema-graph\">{\"@context\":\"https:\/\/schema.org\",\"@graph\":[{\"@type\":\"WebPage\",\"@id\":\"https:\/\/antoninasofia.com\/product\/echoes-of-passion\/\",\"url\":\"https:\/\/antoninasofia.com\/product\/echoes-of-passion\/\",\"name\":\"Echoes of passion - ANTONINA SOFIA SOCIU\",\"isPartOf\":{\"@id\":\"https:\/\/antoninasofia.com\/#website\"},\"datePublished\":\"2023-09-06T10:06:29+00:00\",\"dateModified\":\"2023-09-15T07:13:50+00:00\",\"breadcrumb\":{\"@id\":\"https:\/\/antoninasofia.com\/product\/echoes-of-passion\/#breadcrumb\"},\"inLanguage\":\"de\",\"potentialAction\":[{\"@type\":\"ReadAction\",\"target\":[\"https:\/\/antoninasofia.com\/product\/echoes-of-passion\/\"]}]},{\"@type\":\"BreadcrumbList\",\"@id\":\"https:\/\/antoninasofia.com\/product\/echoes-of-passion\/#breadcrumb\",\"itemListElement\":[{\"@type\":\"ListItem\",\"position\":1,\"name\":\"Home\",\"item\":\"https:\/\/antoninasofia.com\/\"},{\"@type\":\"ListItem\",\"position\":2,\"name\":\"Shop\",\"item\":\"https:\/\/antoninasofia.com\/shop\/\"},{\"@type\":\"ListItem\",\"position\":3,\"name\":\"Echoes of passion\"}]},{\"@type\":\"WebSite\",\"@id\":\"https:\/\/antoninasofia.com\/#website\",\"url\":\"https:\/\/antoninasofia.com\/\",\"name\":\"ANTONINA SOFIA SOCIU\",\"description\":\"Abstract Artist\",\"potentialAction\":[{\"@type\":\"SearchAction\",\"target\":{\"@type\":\"EntryPoint\",\"urlTemplate\":\"https:\/\/antoninasofia.com\/?s={search_term_string}\"},\"query-input\":\"required name=search_term_string\"}],\"inLanguage\":\"de\"}]}<\/script>\n<!-- \/ Yoast SEO plugin. -->","yoast_head_json":{"title":"Echoes of passion - ANTONINA SOFIA SOCIU","robots":{"index":"index","follow":"follow","max-snippet":"max-snippet:-1","max-image-preview":"max-image-preview:large","max-video-preview":"max-video-preview:-1"},"canonical":"https:\/\/antoninasofia.com\/de\/produkt\/echoes-of-passion\/","og_locale":"de_DE","og_type":"article","og_title":"Echoes of passion - ANTONINA SOFIA SOCIU","og_description":"Ardour, balance, mystery and depth are the notes that the artist wants to enhance with \u201cEchoes of Passion\u201d.  An abstract painting like \"Echoes of Passion\" can inspire and challenge the viewer to interpret and feel their own emotions and experiences of passion in a unique and personal way.","og_url":"https:\/\/antoninasofia.com\/de\/produkt\/echoes-of-passion\/","og_site_name":"ANTONINA SOFIA SOCIU","article_modified_time":"2023-09-15T07:13:50+00:00","og_image":[{"width":885,"height":1000,"url":"https:\/\/antoninasofia.com\/wp-content\/uploads\/2023\/09\/echoes-of-passion-1.jpg","type":"image\/jpeg"}],"twitter_card":"summary_large_image","twitter_misc":{"Gesch\u00e4tzte Lesezeit":"1\u00a0Minute"},"schema":{"@context":"https:\/\/schema.org","@graph":[{"@type":"WebPage","@id":"https:\/\/antoninasofia.com\/product\/echoes-of-passion\/","url":"https:\/\/antoninasofia.com\/product\/echoes-of-passion\/","name":"Echoes of passion - ANTONINA SOFIA SOCIU","isPartOf":{"@id":"https:\/\/antoninasofia.com\/#website"},"datePublished":"2023-09-06T10:06:29+00:00","dateModified":"2023-09-15T07:13:50+00:00","breadcrumb":{"@id":"https:\/\/antoninasofia.com\/product\/echoes-of-passion\/#breadcrumb"},"inLanguage":"de","potentialAction":[{"@type":"ReadAction","target":["https:\/\/antoninasofia.com\/product\/echoes-of-passion\/"]}]},{"@type":"BreadcrumbList","@id":"https:\/\/antoninasofia.com\/product\/echoes-of-passion\/#breadcrumb","itemListElement":[{"@type":"ListItem","position":1,"name":"Home","item":"https:\/\/antoninasofia.com\/"},{"@type":"ListItem","position":2,"name":"Shop","item":"https:\/\/antoninasofia.com\/shop\/"},{"@type":"ListItem","position":3,"name":"Echoes of passion"}]},{"@type":"WebSite","@id":"https:\/\/antoninasofia.com\/#website","url":"https:\/\/antoninasofia.com\/","name":"ANTONINA SOFIA SOCIU","description":"Abstract Artist","potentialAction":[{"@type":"SearchAction","target":{"@type":"EntryPoint","urlTemplate":"https:\/\/antoninasofia.com\/?s={search_term_string}"},"query-input":"required name=search_term_string"}],"inLanguage":"de"}]}},"_links":{"self":[{"href":"https:\/\/antoninasofia.com\/de\/wp-json\/wp\/v2\/product\/792","targetHints":{"allow":["GET"]}}],"collection":[{"href":"https:\/\/antoninasofia.com\/de\/wp-json\/wp\/v2\/product"}],"about":[{"href":"https:\/\/antoninasofia.com\/de\/wp-json\/wp\/v2\/types\/product"}],"replies":[{"embeddable":true,"href":"https:\/\/antoninasofia.com\/de\/wp-json\/wp\/v2\/comments?post=792"}],"wp:featuredmedia":[{"embeddable":true,"href":"https:\/\/antoninasofia.com\/de\/wp-json\/wp\/v2\/media\/983"}],"wp:attachment":[{"href":"https:\/\/antoninasofia.com\/de\/wp-json\/wp\/v2\/media?parent=792"}],"wp:term":[{"taxonomy":"product_cat","embeddable":true,"href":"https:\/\/antoninasofia.com\/de\/wp-json\/wp\/v2\/product_cat?post=792"},{"taxonomy":"product_tag","embeddable":true,"href":"https:\/\/antoninasofia.com\/de\/wp-json\/wp\/v2\/product_tag?post=792"}],"curies":[{"name":"wp","href":"https:\/\/api.w.org\/{rel}","templated":true}]}}