{"id":578,"date":"2016-07-26T12:56:07","date_gmt":"2016-07-26T12:56:07","guid":{"rendered":"http:\/\/artday-wp.wossthemes.com\/artday-xml\/?post_type=product&#038;p=578"},"modified":"2023-09-15T07:13:58","modified_gmt":"2023-09-15T07:13:58","slug":"monologue","status":"publish","type":"product","link":"https:\/\/antoninasofia.com\/de\/produkt\/monologue\/","title":{"rendered":"Monolog"},"content":{"rendered":"<p>\u201cMonolog\u201d, gemalt von Antonina Sofia Sociu. Dieses Gem\u00e4lde ist ein einzigartiges, originelles Werk und geh\u00f6rt zur abstrakten Serie der K\u00fcnstlerin mit dem Titel \"Werdung\".<\/p>\n<p><a href=\"https:\/\/antoninasofia.com\/de\/2023\/09\/06\/expressions-reflections-and-attitudes-in-the-creation-of-artist-antonina-sofia-sociu\/\" target=\"_blank\" rel=\"noopener\">\"Die bildende K\u00fcnstlerin, die tief in ihren eigenen Ideen und Konzepten meditiert, artikuliert ihre Vision zu ausgew\u00e4hlten Themen auf eloquente Weise, indem sie das rationale Denken harmonisch mit der Essenz bedeutsamer Ereignisse aus ihrem Leben verbindet. Von hier aus gesteht sie die Emotionen dieser intensiven Erfahrungen durch ihre Werke, die von der Freude der Wiederentdeckung der Sch\u00f6nheit um uns herum bis hin zum Drama schmerzhafter Momente reichen, die ihr Dasein gepr\u00e4gt haben.\"<\/a><\/p>\n<p>Es ist wichtig zu beachten, dass abstrakte Kunst von jedem Betrachter unterschiedlich interpretiert werden kann und was sie repr\u00e4sentiert, je nach Perspektive und Erfahrung jeder Person variieren kann.<\/p>","protected":false},"excerpt":{"rendered":"<p>Das Gem\u00e4lde \"Monolog\" kann als symbolische Darstellung der Introspektion interpretiert werden, bei der die Seele sich in einen tiefen Dialog mit sich selbst begibt, um pers\u00f6nliche Wahrheiten und Bedeutungen zu entdecken.<\/p>\n<p>Durch die abstrakte Komposition und die Verwendung von Schwarz-Wei\u00df-T\u00f6nen ruft das Gem\u00e4lde mit dem Titel \"Monolog\" ein Gef\u00fchl von Intimit\u00e4t und Selbstentdeckung hervor.<\/p>","protected":false},"featured_media":1005,"comment_status":"open","ping_status":"closed","template":"","meta":[],"product_cat":[50,58],"product_tag":[32,62,51,63,64,59,61,60],"class_list":["post-578","product","type-product","status-publish","has-post-thumbnail","hentry","product_cat-abstract","product_cat-becoming","product_tag-abstract","product_tag-acrylic","product_tag-art","product_tag-art-therapy","product_tag-artist","product_tag-contemporary-art","product_tag-interior-design","product_tag-modern-art"],"yoast_head":"<!-- This site is optimized with the Yoast SEO plugin v21.2 - https:\/\/yoast.com\/wordpress\/plugins\/seo\/ -->\n<title>Monologue - ANTONINA SOFIA SOCIU<\/title>\n<meta name=\"robots\" content=\"index, follow, max-snippet:-1, max-image-preview:large, max-video-preview:-1\" \/>\n<link rel=\"canonical\" href=\"https:\/\/antoninasofia.com\/de\/produkt\/monologue\/\" \/>\n<meta property=\"og:locale\" content=\"de_DE\" \/>\n<meta property=\"og:type\" content=\"article\" \/>\n<meta property=\"og:title\" content=\"Monologue - ANTONINA SOFIA SOCIU\" \/>\n<meta property=\"og:description\" content=\"&quot;Monologue&quot; can be interpreted as a symbolic representation of introspection, where the soul engages in a deep dialogue with itself, seeking to discover personal truths and meanings.  Through the abstract composition and the use of black and white tones, &quot;Monologue&quot; invokes a sense of intimacy and self-discovery.\" \/>\n<meta property=\"og:url\" content=\"https:\/\/antoninasofia.com\/de\/produkt\/monologue\/\" \/>\n<meta property=\"og:site_name\" content=\"ANTONINA SOFIA SOCIU\" \/>\n<meta property=\"article:modified_time\" content=\"2023-09-15T07:13:58+00:00\" \/>\n<meta property=\"og:image\" content=\"https:\/\/antoninasofia.com\/wp-content\/uploads\/2023\/09\/monolog-1.jpg\" \/>\n\t<meta property=\"og:image:width\" content=\"1770\" \/>\n\t<meta property=\"og:image:height\" content=\"2000\" \/>\n\t<meta property=\"og:image:type\" content=\"image\/jpeg\" \/>\n<meta name=\"twitter:card\" content=\"summary_large_image\" \/>\n<meta name=\"twitter:label1\" content=\"Gesch\u00e4tzte Lesezeit\" \/>\n\t<meta name=\"twitter:data1\" content=\"1\u00a0Minute\" \/>\n<script type=\"application\/ld+json\" class=\"yoast-schema-graph\">{\"@context\":\"https:\/\/schema.org\",\"@graph\":[{\"@type\":\"WebPage\",\"@id\":\"https:\/\/antoninasofia.com\/product\/monologue\/\",\"url\":\"https:\/\/antoninasofia.com\/product\/monologue\/\",\"name\":\"Monologue - ANTONINA SOFIA SOCIU\",\"isPartOf\":{\"@id\":\"https:\/\/antoninasofia.com\/#website\"},\"datePublished\":\"2016-07-26T12:56:07+00:00\",\"dateModified\":\"2023-09-15T07:13:58+00:00\",\"breadcrumb\":{\"@id\":\"https:\/\/antoninasofia.com\/product\/monologue\/#breadcrumb\"},\"inLanguage\":\"de\",\"potentialAction\":[{\"@type\":\"ReadAction\",\"target\":[\"https:\/\/antoninasofia.com\/product\/monologue\/\"]}]},{\"@type\":\"BreadcrumbList\",\"@id\":\"https:\/\/antoninasofia.com\/product\/monologue\/#breadcrumb\",\"itemListElement\":[{\"@type\":\"ListItem\",\"position\":1,\"name\":\"Home\",\"item\":\"https:\/\/antoninasofia.com\/\"},{\"@type\":\"ListItem\",\"position\":2,\"name\":\"Shop\",\"item\":\"https:\/\/antoninasofia.com\/shop\/\"},{\"@type\":\"ListItem\",\"position\":3,\"name\":\"Monologue\"}]},{\"@type\":\"WebSite\",\"@id\":\"https:\/\/antoninasofia.com\/#website\",\"url\":\"https:\/\/antoninasofia.com\/\",\"name\":\"ANTONINA SOFIA SOCIU\",\"description\":\"Abstract Artist\",\"potentialAction\":[{\"@type\":\"SearchAction\",\"target\":{\"@type\":\"EntryPoint\",\"urlTemplate\":\"https:\/\/antoninasofia.com\/?s={search_term_string}\"},\"query-input\":\"required name=search_term_string\"}],\"inLanguage\":\"de\"}]}<\/script>\n<!-- \/ Yoast SEO plugin. -->","yoast_head_json":{"title":"Monologue - ANTONINA SOFIA SOCIU","robots":{"index":"index","follow":"follow","max-snippet":"max-snippet:-1","max-image-preview":"max-image-preview:large","max-video-preview":"max-video-preview:-1"},"canonical":"https:\/\/antoninasofia.com\/de\/produkt\/monologue\/","og_locale":"de_DE","og_type":"article","og_title":"Monologue - ANTONINA SOFIA SOCIU","og_description":"\"Monologue\" can be interpreted as a symbolic representation of introspection, where the soul engages in a deep dialogue with itself, seeking to discover personal truths and meanings.  Through the abstract composition and the use of black and white tones, \"Monologue\" invokes a sense of intimacy and self-discovery.","og_url":"https:\/\/antoninasofia.com\/de\/produkt\/monologue\/","og_site_name":"ANTONINA SOFIA SOCIU","article_modified_time":"2023-09-15T07:13:58+00:00","og_image":[{"width":1770,"height":2000,"url":"https:\/\/antoninasofia.com\/wp-content\/uploads\/2023\/09\/monolog-1.jpg","type":"image\/jpeg"}],"twitter_card":"summary_large_image","twitter_misc":{"Gesch\u00e4tzte Lesezeit":"1\u00a0Minute"},"schema":{"@context":"https:\/\/schema.org","@graph":[{"@type":"WebPage","@id":"https:\/\/antoninasofia.com\/product\/monologue\/","url":"https:\/\/antoninasofia.com\/product\/monologue\/","name":"Monologue - ANTONINA SOFIA SOCIU","isPartOf":{"@id":"https:\/\/antoninasofia.com\/#website"},"datePublished":"2016-07-26T12:56:07+00:00","dateModified":"2023-09-15T07:13:58+00:00","breadcrumb":{"@id":"https:\/\/antoninasofia.com\/product\/monologue\/#breadcrumb"},"inLanguage":"de","potentialAction":[{"@type":"ReadAction","target":["https:\/\/antoninasofia.com\/product\/monologue\/"]}]},{"@type":"BreadcrumbList","@id":"https:\/\/antoninasofia.com\/product\/monologue\/#breadcrumb","itemListElement":[{"@type":"ListItem","position":1,"name":"Home","item":"https:\/\/antoninasofia.com\/"},{"@type":"ListItem","position":2,"name":"Shop","item":"https:\/\/antoninasofia.com\/shop\/"},{"@type":"ListItem","position":3,"name":"Monologue"}]},{"@type":"WebSite","@id":"https:\/\/antoninasofia.com\/#website","url":"https:\/\/antoninasofia.com\/","name":"ANTONINA SOFIA SOCIU","description":"Abstract Artist","potentialAction":[{"@type":"SearchAction","target":{"@type":"EntryPoint","urlTemplate":"https:\/\/antoninasofia.com\/?s={search_term_string}"},"query-input":"required name=search_term_string"}],"inLanguage":"de"}]}},"_links":{"self":[{"href":"https:\/\/antoninasofia.com\/de\/wp-json\/wp\/v2\/product\/578","targetHints":{"allow":["GET"]}}],"collection":[{"href":"https:\/\/antoninasofia.com\/de\/wp-json\/wp\/v2\/product"}],"about":[{"href":"https:\/\/antoninasofia.com\/de\/wp-json\/wp\/v2\/types\/product"}],"replies":[{"embeddable":true,"href":"https:\/\/antoninasofia.com\/de\/wp-json\/wp\/v2\/comments?post=578"}],"wp:featuredmedia":[{"embeddable":true,"href":"https:\/\/antoninasofia.com\/de\/wp-json\/wp\/v2\/media\/1005"}],"wp:attachment":[{"href":"https:\/\/antoninasofia.com\/de\/wp-json\/wp\/v2\/media?parent=578"}],"wp:term":[{"taxonomy":"product_cat","embeddable":true,"href":"https:\/\/antoninasofia.com\/de\/wp-json\/wp\/v2\/product_cat?post=578"},{"taxonomy":"product_tag","embeddable":true,"href":"https:\/\/antoninasofia.com\/de\/wp-json\/wp\/v2\/product_tag?post=578"}],"curies":[{"name":"wp","href":"https:\/\/api.w.org\/{rel}","templated":true}]}}