{"id":810,"date":"2023-09-06T11:15:22","date_gmt":"2023-09-06T11:15:22","guid":{"rendered":"https:\/\/antoninasofia.com\/?page_id=810"},"modified":"2023-11-07T08:26:20","modified_gmt":"2023-11-07T08:26:20","slug":"press","status":"publish","type":"page","link":"https:\/\/antoninasofia.com\/de\/press\/","title":{"rendered":"Presse"},"content":{"rendered":"<section class=\"wpb-content-wrapper\"><div data-vc-full-width=\"true\" data-vc-full-width-init=\"false\" class=\"vc_row wpb_row vc_row-fluid vc_custom_1694011119818 vc_row-has-fill\"><div class=\"wpb_column vc_column_container vc_col-sm-12\"><div class=\"vc_column-inner\"><div class=\"wpb_wrapper\">\n<div class=\"vc_grid-container-wrapper vc_clearfix vc_grid-animation-fadeIn\">\n\t<div class=\"vc_grid-container vc_clearfix wpb_content_element vc_basic_grid\" data-initial-loading-animation=\"fadeIn\" data-vc-grid-settings=\"{&quot;page_id&quot;:810,&quot;style&quot;:&quot;all&quot;,&quot;action&quot;:&quot;vc_get_vc_grid_data&quot;,&quot;shortcode_id&quot;:&quot;1699345510363-0cbffa14-da51-7&quot;,&quot;tag&quot;:&quot;vc_basic_grid&quot;}\" data-vc-request=\"https:\/\/antoninasofia.com\/wp-admin\/admin-ajax.php\" data-vc-post-id=\"810\" data-vc-public-nonce=\"3a2986a351\">\n\t\t<style data-type=\"vc_shortcodes-custom-css\">.vc_custom_1419240516480{background-color: #f9f9f9 !important;}<\/style><div class=\"vc_grid vc_row vc_grid-gutter-30px vc_pageable-wrapper vc_hook_hover\" data-vc-pageable-content=\"true\"><div class=\"vc_pageable-slide-wrapper vc_clearfix\" data-vc-grid-content=\"true\"><div class=\"vc_grid-item vc_clearfix vc_col-sm-6 vc_grid-item-zone-c-bottom\"><div class=\"vc_grid-item-mini vc_clearfix\"><div class=\"vc_gitem-animated-block\" ><div class=\"vc_gitem-zone vc_gitem-zone-a vc-gitem-zone-height-mode-auto vc-gitem-zone-height-mode-auto-1-1 vc_gitem-is-link\" style=\"background-image: url('https:\/\/antoninasofia.com\/wp-content\/uploads\/2024\/03\/new-and-abstract-interview-1024x582.jpg') !important;\"><a href=\"https:\/\/antoninasofia.com\/de\/2024\/03\/08\/five-questions-to-antonina-sofia-sociu\/\" title=\"Five questions to Antonina Sofia Sociu\" class=\"vc_gitem-link vc-zone-link\" ><\/a><img decoding=\"async\" src=\"https:\/\/antoninasofia.com\/wp-content\/uploads\/2024\/03\/new-and-abstract-interview-1024x582.jpg\" class=\"vc_gitem-zone-img\" alt=\"Five questions to Antonina Sofia Sociu\"><div class=\"vc_gitem-zone-mini\"><\/div><\/div><\/div><div class=\"vc_gitem-zone vc_gitem-zone-c vc_custom_1419240516480\"><div class=\"vc_gitem-zone-mini\"><div class=\"vc_gitem_row vc_row vc_gitem-row-position-top\"><div class=\"vc_col-sm-12 vc_gitem-col vc_gitem-col-align-\"><div class=\"vc_custom_heading vc_gitem-post-data vc_gitem-post-data-source-post_title\" ><h4 style=\"text-align: left\" >Five questions to Antonina Sofia Sociu<\/h4><\/div><div class=\"vc_custom_heading vc_gitem-post-data vc_gitem-post-data-source-post_excerpt\" ><p style=\"text-align: left\" >New & Abstract www.newandabstract.com Born in 1979, Antonina Sofia Sociu grew up in Tulcea, a city located near the UNESCO World Heritage-listed Danube Delta. It was there that she first dabbled in art and music during her early school years at the School of Arts before moving to Bucharest, the capital of Romania. Currently, she [...]<\/p><\/div><div class=\"vc_btn3-container vc_btn3-left\"><a class=\"vc_general vc_btn3 vc_btn3-size-md vc_btn3-shape-rounded vc_btn3-style-flat vc_btn3-color-juicy-pink\" a href=\"https:\/\/antoninasofia.com\/de\/2024\/03\/08\/five-questions-to-antonina-sofia-sociu\/\" title=\"Weiterlesen\">Weiterlesen<\/a><\/div><\/div><\/div><\/div><\/div><\/div><div class=\"vc_clearfix\"><\/div><\/div><div class=\"vc_grid-item vc_clearfix vc_col-sm-6 vc_grid-item-zone-c-bottom\"><div class=\"vc_grid-item-mini vc_clearfix\"><div class=\"vc_gitem-animated-block\" ><div class=\"vc_gitem-zone vc_gitem-zone-a vc-gitem-zone-height-mode-auto vc-gitem-zone-height-mode-auto-1-1 vc_gitem-is-link\" style=\"background-image: url('https:\/\/antoninasofia.com\/wp-content\/uploads\/2024\/03\/uzpr-poezia-picturii-1024x582.jpg') !important;\"><a href=\"https:\/\/antoninasofia.com\/de\/2024\/03\/07\/the-poetry-of-the-painting-in-the-creation-of-the-artist-antonina-sofia-sociu\/\" title=\"The poetry of the painting in the creation of the artist Antonina Sofia Sociu\" class=\"vc_gitem-link vc-zone-link\" ><\/a><img decoding=\"async\" src=\"https:\/\/antoninasofia.com\/wp-content\/uploads\/2024\/03\/uzpr-poezia-picturii-1024x582.jpg\" class=\"vc_gitem-zone-img\" alt=\"The poetry of the painting in the creation of the artist Antonina Sofia Sociu\"><div class=\"vc_gitem-zone-mini\"><\/div><\/div><\/div><div class=\"vc_gitem-zone vc_gitem-zone-c vc_custom_1419240516480\"><div class=\"vc_gitem-zone-mini\"><div class=\"vc_gitem_row vc_row vc_gitem-row-position-top\"><div class=\"vc_col-sm-12 vc_gitem-col vc_gitem-col-align-\"><div class=\"vc_custom_heading vc_gitem-post-data vc_gitem-post-data-source-post_title\" ><h4 style=\"text-align: left\" >The poetry of the painting in the creation of the artist Antonina Sofia Sociu<\/h4><\/div><div class=\"vc_custom_heading vc_gitem-post-data vc_gitem-post-data-source-post_excerpt\" ><p style=\"text-align: left\" >The Union of Professional Journalists of Romania www.uzpr.ro After the impressive exhibition in Paris in September 2023, the artist exhibited in Romania at the headquarters of the Primaristic Institute in Bucharest, an elegant and intimate place, a villa\u00a0with high windows through which the light penetrates powerfully highlighting the beauty of the colors on the canvas. [...]<\/p><\/div><div class=\"vc_btn3-container vc_btn3-left\"><a class=\"vc_general vc_btn3 vc_btn3-size-md vc_btn3-shape-rounded vc_btn3-style-flat vc_btn3-color-juicy-pink\" a href=\"https:\/\/antoninasofia.com\/de\/2024\/03\/07\/the-poetry-of-the-painting-in-the-creation-of-the-artist-antonina-sofia-sociu\/\" title=\"Weiterlesen\">Weiterlesen<\/a><\/div><\/div><\/div><\/div><\/div><\/div><div class=\"vc_clearfix\"><\/div><\/div><div class=\"vc_grid-item vc_clearfix vc_col-sm-6 vc_grid-item-zone-c-bottom\"><div class=\"vc_grid-item-mini vc_clearfix\"><div class=\"vc_gitem-animated-block\" ><div class=\"vc_gitem-zone vc_gitem-zone-a vc-gitem-zone-height-mode-auto vc-gitem-zone-height-mode-auto-1-1 vc_gitem-is-link\" style=\"background-image: url('https:\/\/antoninasofia.com\/wp-content\/uploads\/2023\/11\/Antonina-la-Paris-1024x583.png') !important;\"><a href=\"https:\/\/antoninasofia.com\/de\/2023\/11\/07\/artist-antonina-sofia-sociu-a-relevant-presence-in-paris\/\" title=\"Die K\u00fcnstlerin Antonina Sofia Sociu, eine relevante Pr\u00e4senz in Paris\" class=\"vc_gitem-link vc-zone-link\" ><\/a><img decoding=\"async\" src=\"https:\/\/antoninasofia.com\/wp-content\/uploads\/2023\/11\/Antonina-la-Paris-1024x583.png\" class=\"vc_gitem-zone-img\" alt=\"The artist Antonina Sofia Sociu managed to assert herself from her first stage appearances, from her first exposures through the way she masters plastic means, subsuming them to a profound philosophical message. The plastician managed to capture aspects of life from a perspective that manages to combine in an original and ingenious way the psychological analysis with the aesthetic transposition of the profound themes she highlights in her creation.\"><div class=\"vc_gitem-zone-mini\"><\/div><\/div><\/div><div class=\"vc_gitem-zone vc_gitem-zone-c vc_custom_1419240516480\"><div class=\"vc_gitem-zone-mini\"><div class=\"vc_gitem_row vc_row vc_gitem-row-position-top\"><div class=\"vc_col-sm-12 vc_gitem-col vc_gitem-col-align-\"><div class=\"vc_custom_heading vc_gitem-post-data vc_gitem-post-data-source-post_title\" ><h4 style=\"text-align: left\" >Die K\u00fcnstlerin Antonina Sofia Sociu, eine relevante Pr\u00e4senz in Paris<\/h4><\/div><div class=\"vc_custom_heading vc_gitem-post-data vc_gitem-post-data-source-post_excerpt\" ><p style=\"text-align: left\" ><p>Die K\u00fcnstlerin Antonina Sofia Sociu hat es geschafft, sich von ihren ersten B\u00fchnenauftritten \u00fcber die Art und Weise, wie sie mit plastischen Mitteln umgeht, zu behaupten und sie unter eine tiefgr\u00fcndige philosophische Botschaft zu subsumieren. Der Plastikerin ist es gelungen, Aspekte des Lebens aus einer Perspektive einzufangen, die es schafft, auf originelle und geniale Weise die psychologische Analyse mit der \u00e4sthetischen Umsetzung der tiefgr\u00fcndigen Themen zu verbinden, die sie in ihrer Kreation hervorhebt.<\/p>\n<\/p><\/div><div class=\"vc_btn3-container vc_btn3-left\"><a class=\"vc_general vc_btn3 vc_btn3-size-md vc_btn3-shape-rounded vc_btn3-style-flat vc_btn3-color-juicy-pink\" a href=\"https:\/\/antoninasofia.com\/de\/2023\/11\/07\/artist-antonina-sofia-sociu-a-relevant-presence-in-paris\/\" title=\"Weiterlesen\">Weiterlesen<\/a><\/div><\/div><\/div><\/div><\/div><\/div><div class=\"vc_clearfix\"><\/div><\/div><div class=\"vc_grid-item vc_clearfix vc_col-sm-6 vc_grid-item-zone-c-bottom\"><div class=\"vc_grid-item-mini vc_clearfix\"><div class=\"vc_gitem-animated-block\" ><div class=\"vc_gitem-zone vc_gitem-zone-a vc-gitem-zone-height-mode-auto vc-gitem-zone-height-mode-auto-1-1 vc_gitem-is-link\" style=\"background-image: url('https:\/\/antoninasofia.com\/wp-content\/uploads\/2023\/09\/uzpr-1024x582.jpg') !important;\"><a href=\"https:\/\/antoninasofia.com\/de\/2023\/09\/06\/expressions-reflections-and-attitudes-in-the-creation-of-artist-antonina-sofia-sociu\/\" title=\"Ausdrucksformen, Reflexionen und Haltungen im Schaffen der K\u00fcnstlerin Antonina Sofia Sociu\" class=\"vc_gitem-link vc-zone-link\" ><\/a><img decoding=\"async\" src=\"https:\/\/antoninasofia.com\/wp-content\/uploads\/2023\/09\/uzpr-1024x582.jpg\" class=\"vc_gitem-zone-img\" alt=\"Since her first appearances, artist Antonina Sofia Sociu is a revelation for beauty lovers. This artist has manifested her passion for music, but especially for painting since childhood, when she felt that her artistic structure represents something that cannot be stopped. She studied piano at the Art High School in Tulcea, but her mind noticed and felt shapes, colors and attitudes [...]\"><div class=\"vc_gitem-zone-mini\"><\/div><\/div><\/div><div class=\"vc_gitem-zone vc_gitem-zone-c vc_custom_1419240516480\"><div class=\"vc_gitem-zone-mini\"><div class=\"vc_gitem_row vc_row vc_gitem-row-position-top\"><div class=\"vc_col-sm-12 vc_gitem-col vc_gitem-col-align-\"><div class=\"vc_custom_heading vc_gitem-post-data vc_gitem-post-data-source-post_title\" ><h4 style=\"text-align: left\" >Ausdrucksformen, Reflexionen und Haltungen im Schaffen der K\u00fcnstlerin Antonina Sofia Sociu<\/h4><\/div><div class=\"vc_custom_heading vc_gitem-post-data vc_gitem-post-data-source-post_excerpt\" ><p style=\"text-align: left\" ><p>Seit ihren ersten Auftritten ist die K\u00fcnstlerin Antonina Sofia Sociu eine Offenbarung f\u00fcr Sch\u00f6nheitsliebhaber.Diese K\u00fcnstlerin hat ihre Leidenschaft f\u00fcr die Musik, aber vor allem f\u00fcr die Malerei seit ihrer Kindheit manifestiert, als sie das Gef\u00fchl hatte, dass ihre k\u00fcnstlerische Struktur etwas darstellt, das nicht aufgehalten werden kann. Sie studierte Klavier an der Kunsthochschule in Tulcea, aber ihr Verstand bemerkte und f\u00fchlte Formen, Farben und Haltungen, die ihre [\u2026]<\/p>\n<\/p><\/div><div class=\"vc_btn3-container vc_btn3-left\"><a class=\"vc_general vc_btn3 vc_btn3-size-md vc_btn3-shape-rounded vc_btn3-style-flat vc_btn3-color-juicy-pink\" a href=\"https:\/\/antoninasofia.com\/de\/2023\/09\/06\/expressions-reflections-and-attitudes-in-the-creation-of-artist-antonina-sofia-sociu\/\" title=\"Weiterlesen\">Weiterlesen<\/a><\/div><\/div><\/div><\/div><\/div><\/div><div class=\"vc_clearfix\"><\/div><\/div><\/div><\/div>\n\t<\/div>\n<\/div><\/div><\/div><\/div><\/div><div class=\"vc_row-full-width vc_clearfix\"><\/div>\n<\/section>","protected":false},"excerpt":{"rendered":"Five questions to Antonina Sofia SociuNew & Abstract www.newandabstract.com Born in 1979, Antonina Sofia Sociu grew up in Tulcea, a city located near the UNESCO World Heritage-listed Danube Delta. It was there that she first dabbled in art and music during her early school years at the School of Arts before moving to Bucharest, the [...]","protected":false},"author":1,"featured_media":0,"parent":0,"menu_order":0,"comment_status":"closed","ping_status":"closed","template":"template-page.php","meta":{"footnotes":""},"class_list":["post-810","page","type-page","status-publish","hentry"],"yoast_head":"<!-- This site is optimized with the Yoast SEO plugin v21.2 - https:\/\/yoast.com\/wordpress\/plugins\/seo\/ -->\n<title>Press - ANTONINA SOFIA SOCIU<\/title>\n<meta name=\"robots\" content=\"index, follow, max-snippet:-1, max-image-preview:large, max-video-preview:-1\" \/>\n<link rel=\"canonical\" href=\"https:\/\/antoninasofia.com\/de\/press\/\" \/>\n<meta property=\"og:locale\" content=\"de_DE\" \/>\n<meta property=\"og:type\" content=\"article\" \/>\n<meta property=\"og:title\" content=\"Press - ANTONINA SOFIA SOCIU\" \/>\n<meta property=\"og:url\" content=\"https:\/\/antoninasofia.com\/de\/press\/\" \/>\n<meta property=\"og:site_name\" content=\"ANTONINA SOFIA SOCIU\" \/>\n<meta property=\"article:modified_time\" content=\"2023-11-07T08:26:20+00:00\" \/>\n<meta property=\"og:image\" content=\"https:\/\/antoninasofia.com\/wp-content\/uploads\/2023\/09\/ANTONINA-SOFIA-SOCIU-Abstract-Artist.png\" \/>\n\t<meta property=\"og:image:width\" content=\"1200\" \/>\n\t<meta property=\"og:image:height\" content=\"675\" \/>\n\t<meta property=\"og:image:type\" content=\"image\/png\" \/>\n<meta name=\"twitter:card\" content=\"summary_large_image\" \/>\n<meta name=\"twitter:label1\" content=\"Gesch\u00e4tzte Lesezeit\" \/>\n\t<meta name=\"twitter:data1\" content=\"1\u00a0Minute\" \/>\n<script type=\"application\/ld+json\" class=\"yoast-schema-graph\">{\"@context\":\"https:\/\/schema.org\",\"@graph\":[{\"@type\":\"WebPage\",\"@id\":\"https:\/\/antoninasofia.com\/press\/\",\"url\":\"https:\/\/antoninasofia.com\/press\/\",\"name\":\"Press - ANTONINA SOFIA SOCIU\",\"isPartOf\":{\"@id\":\"https:\/\/antoninasofia.com\/#website\"},\"datePublished\":\"2023-09-06T11:15:22+00:00\",\"dateModified\":\"2023-11-07T08:26:20+00:00\",\"breadcrumb\":{\"@id\":\"https:\/\/antoninasofia.com\/press\/#breadcrumb\"},\"inLanguage\":\"de\",\"potentialAction\":[{\"@type\":\"ReadAction\",\"target\":[\"https:\/\/antoninasofia.com\/press\/\"]}]},{\"@type\":\"BreadcrumbList\",\"@id\":\"https:\/\/antoninasofia.com\/press\/#breadcrumb\",\"itemListElement\":[{\"@type\":\"ListItem\",\"position\":1,\"name\":\"Home\",\"item\":\"https:\/\/antoninasofia.com\/\"},{\"@type\":\"ListItem\",\"position\":2,\"name\":\"Press\"}]},{\"@type\":\"WebSite\",\"@id\":\"https:\/\/antoninasofia.com\/#website\",\"url\":\"https:\/\/antoninasofia.com\/\",\"name\":\"ANTONINA SOFIA SOCIU\",\"description\":\"Abstract Artist\",\"potentialAction\":[{\"@type\":\"SearchAction\",\"target\":{\"@type\":\"EntryPoint\",\"urlTemplate\":\"https:\/\/antoninasofia.com\/?s={search_term_string}\"},\"query-input\":\"required name=search_term_string\"}],\"inLanguage\":\"de\"}]}<\/script>\n<!-- \/ Yoast SEO plugin. -->","yoast_head_json":{"title":"Press - ANTONINA SOFIA SOCIU","robots":{"index":"index","follow":"follow","max-snippet":"max-snippet:-1","max-image-preview":"max-image-preview:large","max-video-preview":"max-video-preview:-1"},"canonical":"https:\/\/antoninasofia.com\/de\/press\/","og_locale":"de_DE","og_type":"article","og_title":"Press - ANTONINA SOFIA SOCIU","og_url":"https:\/\/antoninasofia.com\/de\/press\/","og_site_name":"ANTONINA SOFIA SOCIU","article_modified_time":"2023-11-07T08:26:20+00:00","og_image":[{"width":1200,"height":675,"url":"https:\/\/antoninasofia.com\/wp-content\/uploads\/2023\/09\/ANTONINA-SOFIA-SOCIU-Abstract-Artist.png","type":"image\/png"}],"twitter_card":"summary_large_image","twitter_misc":{"Gesch\u00e4tzte Lesezeit":"1\u00a0Minute"},"schema":{"@context":"https:\/\/schema.org","@graph":[{"@type":"WebPage","@id":"https:\/\/antoninasofia.com\/press\/","url":"https:\/\/antoninasofia.com\/press\/","name":"Press - ANTONINA SOFIA SOCIU","isPartOf":{"@id":"https:\/\/antoninasofia.com\/#website"},"datePublished":"2023-09-06T11:15:22+00:00","dateModified":"2023-11-07T08:26:20+00:00","breadcrumb":{"@id":"https:\/\/antoninasofia.com\/press\/#breadcrumb"},"inLanguage":"de","potentialAction":[{"@type":"ReadAction","target":["https:\/\/antoninasofia.com\/press\/"]}]},{"@type":"BreadcrumbList","@id":"https:\/\/antoninasofia.com\/press\/#breadcrumb","itemListElement":[{"@type":"ListItem","position":1,"name":"Home","item":"https:\/\/antoninasofia.com\/"},{"@type":"ListItem","position":2,"name":"Press"}]},{"@type":"WebSite","@id":"https:\/\/antoninasofia.com\/#website","url":"https:\/\/antoninasofia.com\/","name":"ANTONINA SOFIA SOCIU","description":"Abstract Artist","potentialAction":[{"@type":"SearchAction","target":{"@type":"EntryPoint","urlTemplate":"https:\/\/antoninasofia.com\/?s={search_term_string}"},"query-input":"required name=search_term_string"}],"inLanguage":"de"}]}},"_links":{"self":[{"href":"https:\/\/antoninasofia.com\/de\/wp-json\/wp\/v2\/pages\/810","targetHints":{"allow":["GET"]}}],"collection":[{"href":"https:\/\/antoninasofia.com\/de\/wp-json\/wp\/v2\/pages"}],"about":[{"href":"https:\/\/antoninasofia.com\/de\/wp-json\/wp\/v2\/types\/page"}],"author":[{"embeddable":true,"href":"https:\/\/antoninasofia.com\/de\/wp-json\/wp\/v2\/users\/1"}],"replies":[{"embeddable":true,"href":"https:\/\/antoninasofia.com\/de\/wp-json\/wp\/v2\/comments?post=810"}],"version-history":[{"count":9,"href":"https:\/\/antoninasofia.com\/de\/wp-json\/wp\/v2\/pages\/810\/revisions"}],"predecessor-version":[{"id":1115,"href":"https:\/\/antoninasofia.com\/de\/wp-json\/wp\/v2\/pages\/810\/revisions\/1115"}],"wp:attachment":[{"href":"https:\/\/antoninasofia.com\/de\/wp-json\/wp\/v2\/media?parent=810"}],"curies":[{"name":"wp","href":"https:\/\/api.w.org\/{rel}","templated":true}]}}