{"id":799,"date":"2023-09-06T10:23:52","date_gmt":"2023-09-06T10:23:52","guid":{"rendered":"https:\/\/antoninasofia.com\/?page_id=799"},"modified":"2023-09-15T07:18:01","modified_gmt":"2023-09-15T07:18:01","slug":"original-artworks","status":"publish","type":"page","link":"https:\/\/antoninasofia.com\/de\/original-artworks\/","title":{"rendered":"Originalgem\u00e4lde"},"content":{"rendered":"<section class=\"wpb-content-wrapper\"><div class=\"vc_row wpb_row vc_row-fluid listare-full vc_custom_1694191586847\"><div class=\"wpb_column vc_column_container vc_col-sm-12\"><div class=\"vc_column-inner\"><div class=\"wpb_wrapper\"><div class=\"woocommerce columns-4\"><div class=\"row\">\n\t<ul class=\"products columns-4\">\n<li class=\"first post-798 product type-product status-publish has-post-thumbnail hentry product_cat-abstract product_cat-becoming product_tag-abstract product_tag-acrylic product_tag-art product_tag-art-therapy product_tag-artist product_tag-contemporary-art product_tag-interior-design product_tag-modern-art\" data-sr='wait 0.1s, ease-in 20px'>\n\n\t<figure class=\"ws-product-empty-bg\"><img loading=\"lazy\" decoding=\"async\" width=\"1770\" height=\"2000\" src=\"https:\/\/antoninasofia.com\/wp-content\/uploads\/2023\/09\/around-the-world-dancing-12.jpg\" class=\"attachment-shop_catalog size-shop_catalog wp-post-image\" alt=\"\" srcset=\"https:\/\/antoninasofia.com\/wp-content\/uploads\/2023\/09\/around-the-world-dancing-12.jpg 1770w, https:\/\/antoninasofia.com\/wp-content\/uploads\/2023\/09\/around-the-world-dancing-12-266x300.jpg 266w, https:\/\/antoninasofia.com\/wp-content\/uploads\/2023\/09\/around-the-world-dancing-12-906x1024.jpg 906w, https:\/\/antoninasofia.com\/wp-content\/uploads\/2023\/09\/around-the-world-dancing-12-768x868.jpg 768w, https:\/\/antoninasofia.com\/wp-content\/uploads\/2023\/09\/around-the-world-dancing-12-1359x1536.jpg 1359w, https:\/\/antoninasofia.com\/wp-content\/uploads\/2023\/09\/around-the-world-dancing-12-11x12.jpg 11w, https:\/\/antoninasofia.com\/wp-content\/uploads\/2023\/09\/around-the-world-dancing-12-600x678.jpg 600w\" sizes=\"auto, (max-width: 1770px) 100vw, 1770px\" \/><\/figure><span class=\"ws-item-subtitle\"><\/span>\n<\/li>\n\n\n<li class=\"post-797 product type-product status-publish has-post-thumbnail hentry product_cat-abstract product_cat-becoming product_tag-abstract product_tag-acrylic product_tag-art product_tag-art-therapy product_tag-artist product_tag-contemporary-art product_tag-interior-design product_tag-modern-art\" data-sr='wait 0.1s, ease-in 20px'>\n\n\t<figure class=\"ws-product-empty-bg\"><img loading=\"lazy\" decoding=\"async\" width=\"1770\" height=\"2000\" src=\"https:\/\/antoninasofia.com\/wp-content\/uploads\/2023\/09\/The-Ecstasy-of-Femininity-16.jpg\" class=\"attachment-shop_catalog size-shop_catalog wp-post-image\" alt=\"\" srcset=\"https:\/\/antoninasofia.com\/wp-content\/uploads\/2023\/09\/The-Ecstasy-of-Femininity-16.jpg 1770w, https:\/\/antoninasofia.com\/wp-content\/uploads\/2023\/09\/The-Ecstasy-of-Femininity-16-266x300.jpg 266w, https:\/\/antoninasofia.com\/wp-content\/uploads\/2023\/09\/The-Ecstasy-of-Femininity-16-906x1024.jpg 906w, https:\/\/antoninasofia.com\/wp-content\/uploads\/2023\/09\/The-Ecstasy-of-Femininity-16-768x868.jpg 768w, https:\/\/antoninasofia.com\/wp-content\/uploads\/2023\/09\/The-Ecstasy-of-Femininity-16-1359x1536.jpg 1359w, https:\/\/antoninasofia.com\/wp-content\/uploads\/2023\/09\/The-Ecstasy-of-Femininity-16-11x12.jpg 11w, https:\/\/antoninasofia.com\/wp-content\/uploads\/2023\/09\/The-Ecstasy-of-Femininity-16-600x678.jpg 600w\" sizes=\"auto, (max-width: 1770px) 100vw, 1770px\" \/><\/figure><span class=\"ws-item-subtitle\"><\/span>\n<\/li>\n\n\n<li class=\"post-796 product type-product status-publish has-post-thumbnail hentry product_cat-abstract product_cat-becoming product_tag-abstract product_tag-acrylic product_tag-art product_tag-art-therapy product_tag-artist product_tag-contemporary-art product_tag-interior-design product_tag-modern-art\" data-sr='wait 0.1s, ease-in 20px'>\n\n\t<figure class=\"ws-product-empty-bg\"><img loading=\"lazy\" decoding=\"async\" width=\"1770\" height=\"2000\" src=\"https:\/\/antoninasofia.com\/wp-content\/uploads\/2023\/09\/reborn-in-the-abbis-11.jpg\" class=\"attachment-shop_catalog size-shop_catalog wp-post-image\" alt=\"\" srcset=\"https:\/\/antoninasofia.com\/wp-content\/uploads\/2023\/09\/reborn-in-the-abbis-11.jpg 1770w, https:\/\/antoninasofia.com\/wp-content\/uploads\/2023\/09\/reborn-in-the-abbis-11-266x300.jpg 266w, https:\/\/antoninasofia.com\/wp-content\/uploads\/2023\/09\/reborn-in-the-abbis-11-906x1024.jpg 906w, https:\/\/antoninasofia.com\/wp-content\/uploads\/2023\/09\/reborn-in-the-abbis-11-768x868.jpg 768w, https:\/\/antoninasofia.com\/wp-content\/uploads\/2023\/09\/reborn-in-the-abbis-11-1359x1536.jpg 1359w, https:\/\/antoninasofia.com\/wp-content\/uploads\/2023\/09\/reborn-in-the-abbis-11-11x12.jpg 11w, https:\/\/antoninasofia.com\/wp-content\/uploads\/2023\/09\/reborn-in-the-abbis-11-600x678.jpg 600w\" sizes=\"auto, (max-width: 1770px) 100vw, 1770px\" \/><\/figure><span class=\"ws-item-subtitle\"><\/span>\n<\/li>\n\n\n<li class=\"last post-795 product type-product status-publish has-post-thumbnail hentry product_cat-abstract product_cat-becoming product_tag-abstract product_tag-acrylic product_tag-art product_tag-art-therapy product_tag-artist product_tag-contemporary-art product_tag-interior-design product_tag-modern-art\" data-sr='wait 0.1s, ease-in 20px'>\n\n\t<figure class=\"ws-product-empty-bg\"><img loading=\"lazy\" decoding=\"async\" width=\"865\" height=\"1000\" src=\"https:\/\/antoninasofia.com\/wp-content\/uploads\/2023\/09\/passionate-fantasy-5.jpg\" class=\"attachment-shop_catalog size-shop_catalog wp-post-image\" alt=\"\" srcset=\"https:\/\/antoninasofia.com\/wp-content\/uploads\/2023\/09\/passionate-fantasy-5.jpg 865w, https:\/\/antoninasofia.com\/wp-content\/uploads\/2023\/09\/passionate-fantasy-5-260x300.jpg 260w, https:\/\/antoninasofia.com\/wp-content\/uploads\/2023\/09\/passionate-fantasy-5-768x888.jpg 768w, https:\/\/antoninasofia.com\/wp-content\/uploads\/2023\/09\/passionate-fantasy-5-10x12.jpg 10w, https:\/\/antoninasofia.com\/wp-content\/uploads\/2023\/09\/passionate-fantasy-5-600x694.jpg 600w\" sizes=\"auto, (max-width: 865px) 100vw, 865px\" \/><\/figure><span class=\"ws-item-subtitle\"><\/span>\n<\/li>\n\n\n<li class=\"first post-792 product type-product status-publish has-post-thumbnail hentry product_cat-abstract product_cat-becoming product_tag-abstract product_tag-acrylic product_tag-art product_tag-art-therapy product_tag-artist product_tag-contemporary-art product_tag-interior-design product_tag-modern-art\" data-sr='wait 0.1s, ease-in 20px'>\n\n\t<figure class=\"ws-product-empty-bg\"><img loading=\"lazy\" decoding=\"async\" width=\"885\" height=\"1000\" src=\"https:\/\/antoninasofia.com\/wp-content\/uploads\/2023\/09\/echoes-of-passion-1.jpg\" class=\"attachment-shop_catalog size-shop_catalog wp-post-image\" alt=\"\" srcset=\"https:\/\/antoninasofia.com\/wp-content\/uploads\/2023\/09\/echoes-of-passion-1.jpg 885w, https:\/\/antoninasofia.com\/wp-content\/uploads\/2023\/09\/echoes-of-passion-1-266x300.jpg 266w, https:\/\/antoninasofia.com\/wp-content\/uploads\/2023\/09\/echoes-of-passion-1-768x868.jpg 768w, https:\/\/antoninasofia.com\/wp-content\/uploads\/2023\/09\/echoes-of-passion-1-11x12.jpg 11w, https:\/\/antoninasofia.com\/wp-content\/uploads\/2023\/09\/echoes-of-passion-1-600x678.jpg 600w\" sizes=\"auto, (max-width: 885px) 100vw, 885px\" \/><\/figure><span class=\"ws-item-subtitle\"><\/span>\n<\/li>\n\n\n<li class=\"post-578 product type-product status-publish has-post-thumbnail hentry product_cat-abstract product_cat-becoming product_tag-abstract product_tag-acrylic product_tag-art product_tag-art-therapy product_tag-artist product_tag-contemporary-art product_tag-interior-design product_tag-modern-art\" data-sr='wait 0.1s, ease-in 20px'>\n\n\t<figure class=\"ws-product-empty-bg\"><img loading=\"lazy\" decoding=\"async\" width=\"1770\" height=\"2000\" src=\"https:\/\/antoninasofia.com\/wp-content\/uploads\/2023\/09\/monolog-1.jpg\" class=\"attachment-shop_catalog size-shop_catalog wp-post-image\" alt=\"\" srcset=\"https:\/\/antoninasofia.com\/wp-content\/uploads\/2023\/09\/monolog-1.jpg 1770w, https:\/\/antoninasofia.com\/wp-content\/uploads\/2023\/09\/monolog-1-266x300.jpg 266w, https:\/\/antoninasofia.com\/wp-content\/uploads\/2023\/09\/monolog-1-906x1024.jpg 906w, https:\/\/antoninasofia.com\/wp-content\/uploads\/2023\/09\/monolog-1-768x868.jpg 768w, https:\/\/antoninasofia.com\/wp-content\/uploads\/2023\/09\/monolog-1-1359x1536.jpg 1359w, https:\/\/antoninasofia.com\/wp-content\/uploads\/2023\/09\/monolog-1-11x12.jpg 11w, https:\/\/antoninasofia.com\/wp-content\/uploads\/2023\/09\/monolog-1-600x678.jpg 600w\" sizes=\"auto, (max-width: 1770px) 100vw, 1770px\" \/><\/figure><span class=\"ws-item-subtitle\"><\/span>\n<\/li>\n\n\t<\/ul>\r\n<\/div><\/div><\/div><\/div><\/div><\/div><div data-vc-full-width=\"true\" data-vc-full-width-init=\"false\" data-vc-stretch-content=\"true\" class=\"vc_row wpb_row vc_row-fluid ws-overlay-call vc_custom_1694610521218 vc_row-has-fill vc_row-no-padding\"><div class=\"ws-overlay-call wpb_column vc_column_container vc_col-sm-12\"><div class=\"vc_column-inner\"><div class=\"wpb_wrapper\"><div class=\"vc_empty_space\"   style=\"height: 80px\"><span class=\"vc_empty_space_inner\"><\/span><\/div>\n\t<div class=\"wpb_text_column wpb_content_element  txt-alb\" >\n\t\t<div class=\"wpb_wrapper\">\n\t\t\t<h2 style=\"text-align: center; font-family: Montserrat;\"><strong>ORIGINAL ABSTRAKTE KUNSTWERKE VON<br \/>\n<\/strong><strong>ANTONINA SOFIA SOCIU<\/strong><\/h2>\n\n\t\t<\/div>\n\t<\/div>\n\n\t<div class=\"wpb_raw_code wpb_content_element wpb_raw_html\" >\n\t\t<div class=\"wpb_wrapper\">\n\t\t\t<div class=\"ws-separator\"><\/div>\n\t\t<\/div>\n\t<\/div>\n\n\t<div class=\"wpb_text_column wpb_content_element  txt-alb\" >\n\t\t<div class=\"wpb_wrapper\">\n\t\t\t<div style=\"line-height: 2.5;\">\n<p style=\"text-align: center;\">WO VERLETZLICHKEIT KEINE SCHW\u00c4CHE IST, SONDERN EIN ZEICHEN VON MUT UND AUTHENTIZIT\u00c4T<br \/>\nAntonina Sofia Sociu ist eine abstrakte K\u00fcnstlerin mit Sitz in Bukarest, Rum\u00e4nien.<br \/>\nIhre Kunst ist eine unersch\u00f6pfliche Quelle der Befreiung und Selbstakzeptanz!<br \/>\nJede Leinwand, die sie ber\u00fchrt und in Farbe kleidet, ist eine transformative Reise,<br \/>\nein Manifest der Sch\u00f6nheit und Komplexit\u00e4t der menschlichen Gef\u00fchle.<\/p>\n<\/div>\n\n\t\t<\/div>\n\t<\/div>\n<div class=\"vc_empty_space\"   style=\"height: 20px\"><span class=\"vc_empty_space_inner\"><\/span><\/div>\n\t<div class=\"wpb_text_column wpb_content_element  txt-alb\" >\n\t\t<div class=\"wpb_wrapper\">\n\t\t\t<div class=\"ws-call-btn\">\n<p style=\"text-align: center;\"><a href=\"https:\/\/antoninasofia.com\/de\/about-the-artist\/\">\u00dcBER DEN K\u00dcNSTLER<\/a><\/p>\n<\/div>\n\n\t\t<\/div>\n\t<\/div>\n<div class=\"vc_empty_space\"   style=\"height: 80px\"><span class=\"vc_empty_space_inner\"><\/span><\/div><\/div><\/div><\/div><\/div><div class=\"vc_row-full-width vc_clearfix\"><\/div>\n<\/section>","protected":false},"excerpt":{"rendered":"ORIGINAL ABSTRACT ARTWORKS BY ANTONINA SOFIA SOCIU WHERE VULNERABILITY IS NOT WEAKNESS, BUT A SIGN OF COURAGE AND AUTHENTICITY Antonina Sofia Sociu is an abstract artist based in Bucharest, Romania. Her art is an inexhaustible source of liberation and self-acceptance! Every canvas she touches and dresses up in color is a transformative journey, a manifesto [...]","protected":false},"author":1,"featured_media":0,"parent":0,"menu_order":0,"comment_status":"closed","ping_status":"closed","template":"template-page.php","meta":{"footnotes":""},"class_list":["post-799","page","type-page","status-publish","hentry"],"yoast_head":"<!-- This site is optimized with the Yoast SEO plugin v21.2 - https:\/\/yoast.com\/wordpress\/plugins\/seo\/ -->\n<title>Original Artworks - ANTONINA SOFIA SOCIU<\/title>\n<meta name=\"robots\" content=\"index, follow, max-snippet:-1, max-image-preview:large, max-video-preview:-1\" \/>\n<link rel=\"canonical\" href=\"https:\/\/antoninasofia.com\/de\/original-artworks\/\" \/>\n<meta property=\"og:locale\" content=\"de_DE\" \/>\n<meta property=\"og:type\" content=\"article\" \/>\n<meta property=\"og:title\" content=\"Original Artworks - ANTONINA SOFIA SOCIU\" \/>\n<meta property=\"og:url\" content=\"https:\/\/antoninasofia.com\/de\/original-artworks\/\" \/>\n<meta property=\"og:site_name\" content=\"ANTONINA SOFIA SOCIU\" \/>\n<meta property=\"article:modified_time\" content=\"2023-09-15T07:18:01+00:00\" \/>\n<meta property=\"og:image\" content=\"https:\/\/antoninasofia.com\/wp-content\/uploads\/2023\/09\/ANTONINA-SOFIA-SOCIU-Abstract-Artist.png\" \/>\n\t<meta property=\"og:image:width\" content=\"1200\" \/>\n\t<meta property=\"og:image:height\" content=\"675\" \/>\n\t<meta property=\"og:image:type\" content=\"image\/png\" \/>\n<meta name=\"twitter:card\" content=\"summary_large_image\" \/>\n<meta name=\"twitter:label1\" content=\"Gesch\u00e4tzte Lesezeit\" \/>\n\t<meta name=\"twitter:data1\" content=\"1\u00a0Minute\" \/>\n<script type=\"application\/ld+json\" class=\"yoast-schema-graph\">{\"@context\":\"https:\/\/schema.org\",\"@graph\":[{\"@type\":\"WebPage\",\"@id\":\"https:\/\/antoninasofia.com\/original-artworks\/\",\"url\":\"https:\/\/antoninasofia.com\/original-artworks\/\",\"name\":\"Original Artworks - ANTONINA SOFIA SOCIU\",\"isPartOf\":{\"@id\":\"https:\/\/antoninasofia.com\/#website\"},\"datePublished\":\"2023-09-06T10:23:52+00:00\",\"dateModified\":\"2023-09-15T07:18:01+00:00\",\"breadcrumb\":{\"@id\":\"https:\/\/antoninasofia.com\/original-artworks\/#breadcrumb\"},\"inLanguage\":\"de\",\"potentialAction\":[{\"@type\":\"ReadAction\",\"target\":[\"https:\/\/antoninasofia.com\/original-artworks\/\"]}]},{\"@type\":\"BreadcrumbList\",\"@id\":\"https:\/\/antoninasofia.com\/original-artworks\/#breadcrumb\",\"itemListElement\":[{\"@type\":\"ListItem\",\"position\":1,\"name\":\"Home\",\"item\":\"https:\/\/antoninasofia.com\/\"},{\"@type\":\"ListItem\",\"position\":2,\"name\":\"Original Artworks\"}]},{\"@type\":\"WebSite\",\"@id\":\"https:\/\/antoninasofia.com\/#website\",\"url\":\"https:\/\/antoninasofia.com\/\",\"name\":\"ANTONINA SOFIA SOCIU\",\"description\":\"Abstract Artist\",\"potentialAction\":[{\"@type\":\"SearchAction\",\"target\":{\"@type\":\"EntryPoint\",\"urlTemplate\":\"https:\/\/antoninasofia.com\/?s={search_term_string}\"},\"query-input\":\"required name=search_term_string\"}],\"inLanguage\":\"de\"}]}<\/script>\n<!-- \/ Yoast SEO plugin. -->","yoast_head_json":{"title":"Original Artworks - ANTONINA SOFIA SOCIU","robots":{"index":"index","follow":"follow","max-snippet":"max-snippet:-1","max-image-preview":"max-image-preview:large","max-video-preview":"max-video-preview:-1"},"canonical":"https:\/\/antoninasofia.com\/de\/original-artworks\/","og_locale":"de_DE","og_type":"article","og_title":"Original Artworks - ANTONINA SOFIA SOCIU","og_url":"https:\/\/antoninasofia.com\/de\/original-artworks\/","og_site_name":"ANTONINA SOFIA SOCIU","article_modified_time":"2023-09-15T07:18:01+00:00","og_image":[{"width":1200,"height":675,"url":"https:\/\/antoninasofia.com\/wp-content\/uploads\/2023\/09\/ANTONINA-SOFIA-SOCIU-Abstract-Artist.png","type":"image\/png"}],"twitter_card":"summary_large_image","twitter_misc":{"Gesch\u00e4tzte Lesezeit":"1\u00a0Minute"},"schema":{"@context":"https:\/\/schema.org","@graph":[{"@type":"WebPage","@id":"https:\/\/antoninasofia.com\/original-artworks\/","url":"https:\/\/antoninasofia.com\/original-artworks\/","name":"Original Artworks - ANTONINA SOFIA SOCIU","isPartOf":{"@id":"https:\/\/antoninasofia.com\/#website"},"datePublished":"2023-09-06T10:23:52+00:00","dateModified":"2023-09-15T07:18:01+00:00","breadcrumb":{"@id":"https:\/\/antoninasofia.com\/original-artworks\/#breadcrumb"},"inLanguage":"de","potentialAction":[{"@type":"ReadAction","target":["https:\/\/antoninasofia.com\/original-artworks\/"]}]},{"@type":"BreadcrumbList","@id":"https:\/\/antoninasofia.com\/original-artworks\/#breadcrumb","itemListElement":[{"@type":"ListItem","position":1,"name":"Home","item":"https:\/\/antoninasofia.com\/"},{"@type":"ListItem","position":2,"name":"Original Artworks"}]},{"@type":"WebSite","@id":"https:\/\/antoninasofia.com\/#website","url":"https:\/\/antoninasofia.com\/","name":"ANTONINA SOFIA SOCIU","description":"Abstract Artist","potentialAction":[{"@type":"SearchAction","target":{"@type":"EntryPoint","urlTemplate":"https:\/\/antoninasofia.com\/?s={search_term_string}"},"query-input":"required name=search_term_string"}],"inLanguage":"de"}]}},"_links":{"self":[{"href":"https:\/\/antoninasofia.com\/de\/wp-json\/wp\/v2\/pages\/799","targetHints":{"allow":["GET"]}}],"collection":[{"href":"https:\/\/antoninasofia.com\/de\/wp-json\/wp\/v2\/pages"}],"about":[{"href":"https:\/\/antoninasofia.com\/de\/wp-json\/wp\/v2\/types\/page"}],"author":[{"embeddable":true,"href":"https:\/\/antoninasofia.com\/de\/wp-json\/wp\/v2\/users\/1"}],"replies":[{"embeddable":true,"href":"https:\/\/antoninasofia.com\/de\/wp-json\/wp\/v2\/comments?post=799"}],"version-history":[{"count":11,"href":"https:\/\/antoninasofia.com\/de\/wp-json\/wp\/v2\/pages\/799\/revisions"}],"predecessor-version":[{"id":897,"href":"https:\/\/antoninasofia.com\/de\/wp-json\/wp\/v2\/pages\/799\/revisions\/897"}],"wp:attachment":[{"href":"https:\/\/antoninasofia.com\/de\/wp-json\/wp\/v2\/media?parent=799"}],"curies":[{"name":"wp","href":"https:\/\/api.w.org\/{rel}","templated":true}]}}