{"id":672,"date":"2023-08-30T13:39:30","date_gmt":"2023-08-30T13:39:30","guid":{"rendered":"https:\/\/antoninasofia.com\/?page_id=672"},"modified":"2023-09-15T12:14:14","modified_gmt":"2023-09-15T12:14:14","slug":"about-the-artist","status":"publish","type":"page","link":"https:\/\/antoninasofia.com\/de\/about-the-artist\/","title":{"rendered":"\u00dcber den K\u00fcnstler"},"content":{"rendered":"<section class=\"wpb-content-wrapper\"><div class=\"vc_row wpb_row vc_row-fluid vc_custom_1694531091491 vc_row-o-equal-height vc_row-flex\"><div class=\"wpb_column vc_column_container vc_col-sm-6\"><div class=\"vc_column-inner\"><div class=\"wpb_wrapper\">\n\t<div  class=\"wpb_single_image wpb_content_element vc_align_center\">\n\t\t\n\t\t<figure class=\"wpb_wrapper vc_figure\">\n\t\t\t<div class=\"vc_single_image-wrapper   vc_box_border_grey\"><img loading=\"lazy\" decoding=\"async\" width=\"1333\" height=\"2000\" src=\"https:\/\/antoninasofia.com\/wp-content\/uploads\/2023\/09\/Artist-germana.png\" class=\"vc_single_image-img attachment-full\" alt=\"\" title=\"Artist - engleza\" srcset=\"https:\/\/antoninasofia.com\/wp-content\/uploads\/2023\/09\/Artist-germana.png 1333w, https:\/\/antoninasofia.com\/wp-content\/uploads\/2023\/09\/Artist-germana-200x300.png 200w, https:\/\/antoninasofia.com\/wp-content\/uploads\/2023\/09\/Artist-germana-682x1024.png 682w, https:\/\/antoninasofia.com\/wp-content\/uploads\/2023\/09\/Artist-germana-768x1152.png 768w, https:\/\/antoninasofia.com\/wp-content\/uploads\/2023\/09\/Artist-germana-1024x1536.png 1024w, https:\/\/antoninasofia.com\/wp-content\/uploads\/2023\/09\/Artist-germana-8x12.png 8w, https:\/\/antoninasofia.com\/wp-content\/uploads\/2023\/09\/Artist-germana-600x900.png 600w\" sizes=\"auto, (max-width: 1333px) 100vw, 1333px\" \/><\/div>\n\t\t<\/figure>\n\t<\/div>\n<div class=\"vc_empty_space\"   style=\"height: 30px\"><span class=\"vc_empty_space_inner\"><\/span><\/div><\/div><\/div><\/div><div class=\"wpb_column vc_column_container vc_col-sm-6\"><div class=\"vc_column-inner\"><div class=\"wpb_wrapper\">\n\t<div class=\"wpb_text_column wpb_content_element  smaller-txt\" >\n\t\t<div class=\"wpb_wrapper\">\n\t\t\t<p>&lt;&lt;&lt; Der erste Beweis f\u00fcr mein inneres Feuer, ein Vorgeschmack auf jene Leidenschaft, die mich von da an den Rest meines Leben begleiten sollte, war ein erstes Gem\u00e4lde, das ich im Jahr 1995 auf eine Leinwand brachte. Auch wenn ich auf der Suche nach einer tr\u00fcgerischen Sicherheit einen bodenst\u00e4ndigen Beruf w\u00e4hlte, h\u00f6rte meine Faszination f\u00fcr die Kunst niemals auf, mich innerlich zu zerrei\u00dfen, zu verf\u00fchren und zu inspirieren.<\/p>\n<p>Aber das Leben besteht nicht nur aus Vergn\u00fcgen und so hatte 2012 eine einzige Welle die Macht, mich in die Knie zu zwingen, als der Tod meines Mannes die Zeit stillstehen lie\u00df und mir die Zerbrechlichkeit der Existenz vor Augen f\u00fchrte. Mit zersplitterterter Seele brachte ich Gedichte, Gedanken und Emotionen zu Papier. Sp\u00e4ter habe ich die Stimme meiner eigenen Gef\u00fchle und Emotionen in Leidenschaft und Farbschichten \u00fcbertragen.<\/p>\n<p>Ungeachtet des Weges, den ich eingeschlagen habe, ist meine Leidenschaft f\u00fcr die Kunst immer pr\u00e4sent und lebendig geblieben. Sie war und ist der rote Faden auf der Leinwand meines Lebens. Als intuitive, autodidaktische K\u00fcnstlerin liegt meine Essenz im freien Ausdruck des Schaffens. Dabei ist die Malerei die Sprache, mit der ich meine Gef\u00fchle, Gedanken und inneren Erfahrungen ausdr\u00fccken kann, ein Prozess des pers\u00f6nlichen Wiederaufbaus und der Befreiung von gesellschaftlichen Normen.<\/p>\n<p><strong>Obwohl Verletzlichkeit nichts angenehmes ist, lerne ich immer mehr, sie nicht als Zeichen von Schw\u00e4che zu sehen sondern, vielmehr als Manifestation von Mut und Authentizit\u00e4t, sowie als unersch\u00f6pfliche Quelle von Befreiung und Selbstliebe. <\/strong><\/p>\n<p>Jede Leinwand, die ich ber\u00fchre und mit Farbe tr\u00e4nke, ist eine transformative Reise, ein Ausdruck der Sch\u00f6nheit und der Komplexit\u00e4t menschlicher Gef\u00fchle. Ich liebe es, zu experimentieren und verschiedene Techniken und Materialien zu kombinieren, um meine ganz pers\u00f6nlichen Kompositionen zum Leben zu erwecken.<\/p>\n<p>Ich glaube fest daran, dass jeder von uns ein ungenutztes Potenzial hat und dass wir unabh\u00e4ngig von Alter, Erfahrung oder k\u00fcnstlerischem Talent unsere kreativen M\u00f6glichkeiten entdecken und nutzen k\u00f6nnen.&gt;&gt;&gt;<\/p>\n<p style=\"text-align: right;\">ANTONINA SOFIA SOCIU<\/p>\n\n\t\t<\/div>\n\t<\/div>\n<div class=\"vc_empty_space\"   style=\"height: 30px\"><span class=\"vc_empty_space_inner\"><\/span><\/div><\/div><\/div><\/div><\/div><div class=\"vc_row wpb_row vc_row-fluid\"><div class=\"wpb_column vc_column_container vc_col-sm-6\"><div class=\"vc_column-inner\"><div class=\"wpb_wrapper\">\n\t<div  class=\"wpb_single_image wpb_content_element vc_align_center\">\n\t\t\n\t\t<figure class=\"wpb_wrapper vc_figure\">\n\t\t\t<div class=\"vc_single_image-wrapper   vc_box_border_grey\"><img loading=\"lazy\" decoding=\"async\" width=\"1333\" height=\"2000\" src=\"https:\/\/antoninasofia.com\/wp-content\/uploads\/2023\/09\/Acceptare-germana.png\" class=\"vc_single_image-img attachment-full\" alt=\"\" title=\"Acceptare - engleza\" srcset=\"https:\/\/antoninasofia.com\/wp-content\/uploads\/2023\/09\/Acceptare-germana.png 1333w, https:\/\/antoninasofia.com\/wp-content\/uploads\/2023\/09\/Acceptare-germana-200x300.png 200w, https:\/\/antoninasofia.com\/wp-content\/uploads\/2023\/09\/Acceptare-germana-682x1024.png 682w, https:\/\/antoninasofia.com\/wp-content\/uploads\/2023\/09\/Acceptare-germana-768x1152.png 768w, https:\/\/antoninasofia.com\/wp-content\/uploads\/2023\/09\/Acceptare-germana-1024x1536.png 1024w, https:\/\/antoninasofia.com\/wp-content\/uploads\/2023\/09\/Acceptare-germana-8x12.png 8w, https:\/\/antoninasofia.com\/wp-content\/uploads\/2023\/09\/Acceptare-germana-600x900.png 600w\" sizes=\"auto, (max-width: 1333px) 100vw, 1333px\" \/><\/div>\n\t\t<\/figure>\n\t<\/div>\n<div class=\"vc_empty_space\"   style=\"height: 30px\"><span class=\"vc_empty_space_inner\"><\/span><\/div><\/div><\/div><\/div><div class=\"wpb_column vc_column_container vc_col-sm-6\"><div class=\"vc_column-inner\"><div class=\"wpb_wrapper\">\n\t<div  class=\"wpb_single_image wpb_content_element vc_align_center\">\n\t\t\n\t\t<figure class=\"wpb_wrapper vc_figure\">\n\t\t\t<div class=\"vc_single_image-wrapper   vc_box_border_grey\"><img loading=\"lazy\" decoding=\"async\" width=\"1333\" height=\"2000\" src=\"https:\/\/antoninasofia.com\/wp-content\/uploads\/2023\/09\/Renascut-in-abis-germana.png\" class=\"vc_single_image-img attachment-full\" alt=\"\" title=\"Renascut in abis - engleza\" srcset=\"https:\/\/antoninasofia.com\/wp-content\/uploads\/2023\/09\/Renascut-in-abis-germana.png 1333w, https:\/\/antoninasofia.com\/wp-content\/uploads\/2023\/09\/Renascut-in-abis-germana-200x300.png 200w, https:\/\/antoninasofia.com\/wp-content\/uploads\/2023\/09\/Renascut-in-abis-germana-682x1024.png 682w, https:\/\/antoninasofia.com\/wp-content\/uploads\/2023\/09\/Renascut-in-abis-germana-768x1152.png 768w, https:\/\/antoninasofia.com\/wp-content\/uploads\/2023\/09\/Renascut-in-abis-germana-1024x1536.png 1024w, https:\/\/antoninasofia.com\/wp-content\/uploads\/2023\/09\/Renascut-in-abis-germana-8x12.png 8w, https:\/\/antoninasofia.com\/wp-content\/uploads\/2023\/09\/Renascut-in-abis-germana-600x900.png 600w\" sizes=\"auto, (max-width: 1333px) 100vw, 1333px\" \/><\/div>\n\t\t<\/figure>\n\t<\/div>\n<div class=\"vc_empty_space\"   style=\"height: 30px\"><span class=\"vc_empty_space_inner\"><\/span><\/div><\/div><\/div><\/div><\/div>\n<\/section>","protected":false},"excerpt":{"rendered":"&lt;&lt;&lt;\u00a0 As early as 1995, a first painting transposed on canvas was the initial proof of my inner flame, an omen for the passion that would accompany me throughout my life. Even though I have taken a professional path in a more pragmatic field, in search of illusory security, my fascination for art has never [...]","protected":false},"author":1,"featured_media":0,"parent":0,"menu_order":0,"comment_status":"closed","ping_status":"closed","template":"template-page.php","meta":{"footnotes":""},"class_list":["post-672","page","type-page","status-publish","hentry"],"yoast_head":"<!-- This site is optimized with the Yoast SEO plugin v21.2 - https:\/\/yoast.com\/wordpress\/plugins\/seo\/ -->\n<title>About the artist - ANTONINA SOFIA SOCIU<\/title>\n<meta name=\"robots\" content=\"index, follow, max-snippet:-1, max-image-preview:large, max-video-preview:-1\" \/>\n<link rel=\"canonical\" href=\"https:\/\/antoninasofia.com\/de\/about-the-artist\/\" \/>\n<meta property=\"og:locale\" content=\"de_DE\" \/>\n<meta property=\"og:type\" content=\"article\" \/>\n<meta property=\"og:title\" content=\"About the artist - ANTONINA SOFIA SOCIU\" \/>\n<meta property=\"og:url\" content=\"https:\/\/antoninasofia.com\/de\/about-the-artist\/\" \/>\n<meta property=\"og:site_name\" content=\"ANTONINA SOFIA SOCIU\" \/>\n<meta property=\"article:modified_time\" content=\"2023-09-15T12:14:14+00:00\" \/>\n<meta property=\"og:image\" content=\"https:\/\/antoninasofia.com\/wp-content\/uploads\/2023\/09\/ANTONINA-SOFIA-SOCIU-Abstract-Artist.png\" \/>\n\t<meta property=\"og:image:width\" content=\"1200\" \/>\n\t<meta property=\"og:image:height\" content=\"675\" \/>\n\t<meta property=\"og:image:type\" content=\"image\/png\" \/>\n<meta name=\"twitter:card\" content=\"summary_large_image\" \/>\n<meta name=\"twitter:label1\" content=\"Gesch\u00e4tzte Lesezeit\" \/>\n\t<meta name=\"twitter:data1\" content=\"2\u00a0Minuten\" \/>\n<script type=\"application\/ld+json\" class=\"yoast-schema-graph\">{\"@context\":\"https:\/\/schema.org\",\"@graph\":[{\"@type\":\"WebPage\",\"@id\":\"https:\/\/antoninasofia.com\/about-the-artist\/\",\"url\":\"https:\/\/antoninasofia.com\/about-the-artist\/\",\"name\":\"About the artist - ANTONINA SOFIA SOCIU\",\"isPartOf\":{\"@id\":\"https:\/\/antoninasofia.com\/#website\"},\"datePublished\":\"2023-08-30T13:39:30+00:00\",\"dateModified\":\"2023-09-15T12:14:14+00:00\",\"breadcrumb\":{\"@id\":\"https:\/\/antoninasofia.com\/about-the-artist\/#breadcrumb\"},\"inLanguage\":\"de\",\"potentialAction\":[{\"@type\":\"ReadAction\",\"target\":[\"https:\/\/antoninasofia.com\/about-the-artist\/\"]}]},{\"@type\":\"BreadcrumbList\",\"@id\":\"https:\/\/antoninasofia.com\/about-the-artist\/#breadcrumb\",\"itemListElement\":[{\"@type\":\"ListItem\",\"position\":1,\"name\":\"Home\",\"item\":\"https:\/\/antoninasofia.com\/\"},{\"@type\":\"ListItem\",\"position\":2,\"name\":\"About the artist\"}]},{\"@type\":\"WebSite\",\"@id\":\"https:\/\/antoninasofia.com\/#website\",\"url\":\"https:\/\/antoninasofia.com\/\",\"name\":\"ANTONINA SOFIA SOCIU\",\"description\":\"Abstract Artist\",\"potentialAction\":[{\"@type\":\"SearchAction\",\"target\":{\"@type\":\"EntryPoint\",\"urlTemplate\":\"https:\/\/antoninasofia.com\/?s={search_term_string}\"},\"query-input\":\"required name=search_term_string\"}],\"inLanguage\":\"de\"}]}<\/script>\n<!-- \/ Yoast SEO plugin. -->","yoast_head_json":{"title":"About the artist - ANTONINA SOFIA SOCIU","robots":{"index":"index","follow":"follow","max-snippet":"max-snippet:-1","max-image-preview":"max-image-preview:large","max-video-preview":"max-video-preview:-1"},"canonical":"https:\/\/antoninasofia.com\/de\/about-the-artist\/","og_locale":"de_DE","og_type":"article","og_title":"About the artist - ANTONINA SOFIA SOCIU","og_url":"https:\/\/antoninasofia.com\/de\/about-the-artist\/","og_site_name":"ANTONINA SOFIA SOCIU","article_modified_time":"2023-09-15T12:14:14+00:00","og_image":[{"width":1200,"height":675,"url":"https:\/\/antoninasofia.com\/wp-content\/uploads\/2023\/09\/ANTONINA-SOFIA-SOCIU-Abstract-Artist.png","type":"image\/png"}],"twitter_card":"summary_large_image","twitter_misc":{"Gesch\u00e4tzte Lesezeit":"2\u00a0Minuten"},"schema":{"@context":"https:\/\/schema.org","@graph":[{"@type":"WebPage","@id":"https:\/\/antoninasofia.com\/about-the-artist\/","url":"https:\/\/antoninasofia.com\/about-the-artist\/","name":"About the artist - ANTONINA SOFIA SOCIU","isPartOf":{"@id":"https:\/\/antoninasofia.com\/#website"},"datePublished":"2023-08-30T13:39:30+00:00","dateModified":"2023-09-15T12:14:14+00:00","breadcrumb":{"@id":"https:\/\/antoninasofia.com\/about-the-artist\/#breadcrumb"},"inLanguage":"de","potentialAction":[{"@type":"ReadAction","target":["https:\/\/antoninasofia.com\/about-the-artist\/"]}]},{"@type":"BreadcrumbList","@id":"https:\/\/antoninasofia.com\/about-the-artist\/#breadcrumb","itemListElement":[{"@type":"ListItem","position":1,"name":"Home","item":"https:\/\/antoninasofia.com\/"},{"@type":"ListItem","position":2,"name":"About the artist"}]},{"@type":"WebSite","@id":"https:\/\/antoninasofia.com\/#website","url":"https:\/\/antoninasofia.com\/","name":"ANTONINA SOFIA SOCIU","description":"Abstract Artist","potentialAction":[{"@type":"SearchAction","target":{"@type":"EntryPoint","urlTemplate":"https:\/\/antoninasofia.com\/?s={search_term_string}"},"query-input":"required name=search_term_string"}],"inLanguage":"de"}]}},"_links":{"self":[{"href":"https:\/\/antoninasofia.com\/de\/wp-json\/wp\/v2\/pages\/672","targetHints":{"allow":["GET"]}}],"collection":[{"href":"https:\/\/antoninasofia.com\/de\/wp-json\/wp\/v2\/pages"}],"about":[{"href":"https:\/\/antoninasofia.com\/de\/wp-json\/wp\/v2\/types\/page"}],"author":[{"embeddable":true,"href":"https:\/\/antoninasofia.com\/de\/wp-json\/wp\/v2\/users\/1"}],"replies":[{"embeddable":true,"href":"https:\/\/antoninasofia.com\/de\/wp-json\/wp\/v2\/comments?post=672"}],"version-history":[{"count":15,"href":"https:\/\/antoninasofia.com\/de\/wp-json\/wp\/v2\/pages\/672\/revisions"}],"predecessor-version":[{"id":981,"href":"https:\/\/antoninasofia.com\/de\/wp-json\/wp\/v2\/pages\/672\/revisions\/981"}],"wp:attachment":[{"href":"https:\/\/antoninasofia.com\/de\/wp-json\/wp\/v2\/media?parent=672"}],"curies":[{"name":"wp","href":"https:\/\/api.w.org\/{rel}","templated":true}]}}